{"id":15282,"date":"2024-11-29T18:30:16","date_gmt":"2024-11-29T17:30:16","guid":{"rendered":"https:\/\/stampcurio.com\/product\/1870-spanyolorszag-amadeo-kiraly-12c-belyeg-unissued-proof-99-es-tomb\/"},"modified":"2025-12-05T04:07:33","modified_gmt":"2025-12-05T03:07:33","slug":"1870-spanyolorszag-amadeo-kiraly-12-c-belyeg-kiadatlan-probanyomat-99-es-tombben","status":"publish","type":"product","link":"https:\/\/stampcurio.com\/hu\/termek\/1870-spanyolorszag-amadeo-kiraly-12-c-belyeg-kiadatlan-probanyomat-99-es-tombben\/","title":{"rendered":"1870 Spanyolorsz\u00e1g &#8211; Amadeo kir\u00e1ly 12 c b\u00e9lyeg kiadatlan pr\u00f3banyomat 99-es t\u00f6mbben"},"content":{"rendered":"","protected":false},"excerpt":{"rendered":"","protected":false},"featured_media":19601,"template":"","meta":[],"product_brand":[],"product_cat":[1196],"product_tag":[1664,116,390,1006],"class_list":{"0":"post-15282","1":"product","2":"type-product","3":"status-publish","4":"has-post-thumbnail","6":"product_cat-spanyolorszag","7":"product_tag-2nd-auction-hu","8":"product_tag-belyeg","9":"product_tag-probanyomat","10":"product_tag-unsold","12":"first","13":"outofstock","14":"sold-individually","15":"shipping-taxable","16":"product-type-simple"},"_links":{"self":[{"href":"https:\/\/stampcurio.com\/hu\/wp-json\/wp\/v2\/product\/15282","targetHints":{"allow":["GET"]}}],"collection":[{"href":"https:\/\/stampcurio.com\/hu\/wp-json\/wp\/v2\/product"}],"about":[{"href":"https:\/\/stampcurio.com\/hu\/wp-json\/wp\/v2\/types\/product"}],"wp:featuredmedia":[{"embeddable":true,"href":"https:\/\/stampcurio.com\/hu\/wp-json\/wp\/v2\/media\/19601"}],"wp:attachment":[{"href":"https:\/\/stampcurio.com\/hu\/wp-json\/wp\/v2\/media?parent=15282"}],"wp:term":[{"taxonomy":"product_brand","embeddable":true,"href":"https:\/\/stampcurio.com\/hu\/wp-json\/wp\/v2\/product_brand?post=15282"},{"taxonomy":"product_cat","embeddable":true,"href":"https:\/\/stampcurio.com\/hu\/wp-json\/wp\/v2\/product_cat?post=15282"},{"taxonomy":"product_tag","embeddable":true,"href":"https:\/\/stampcurio.com\/hu\/wp-json\/wp\/v2\/product_tag?post=15282"}],"curies":[{"name":"wp","href":"https:\/\/api.w.org\/{rel}","templated":true}]}}