{"id":15279,"date":"2024-11-29T18:30:13","date_gmt":"2024-11-29T17:30:13","guid":{"rendered":"https:\/\/stampcurio.com\/product\/xxx-koztarsasag-arato-4f-a-felulnyomat-ketfele-szedesevel-az-egyik-iv-80-belyegen-kis-rosda\/"},"modified":"2025-12-05T04:07:34","modified_gmt":"2025-12-05T03:07:34","slug":"1919-nagyvarad-koztarsasag-arato-4-filler-a-felulnyomat-ketfele-szedesevel-pruf-bodor-phu-60-eur","status":"publish","type":"product","link":"https:\/\/stampcurio.com\/hu\/termek\/1919-nagyvarad-koztarsasag-arato-4-filler-a-felulnyomat-ketfele-szedesevel-pruf-bodor-phu-60-eur\/","title":{"rendered":"1919 Nagyv\u00e1rad &#8211; K\u00f6zt\u00e1rsas\u00e1g \/ Arat\u00f3 4 fill\u00e9r a fel\u00fclnyomat k\u00e9tf\u00e9le szed\u00e9s\u00e9vel \/ Pr\u00fcf: Bodor | PHu: 60 EUR"},"content":{"rendered":"","protected":false},"excerpt":{"rendered":"","protected":false},"featured_media":24544,"template":"","meta":[],"product_brand":[],"product_cat":[1172,1208],"product_tag":[1664,116,217],"class_list":{"0":"post-15279","1":"product","2":"type-product","3":"status-publish","4":"has-post-thumbnail","6":"product_cat-magyarorszag","7":"product_cat-romania","8":"product_tag-2nd-auction-hu","9":"product_tag-belyeg","10":"product_tag-tevnyomat","12":"first","13":"outofstock","14":"sold-individually","15":"shipping-taxable","16":"product-type-simple"},"_links":{"self":[{"href":"https:\/\/stampcurio.com\/hu\/wp-json\/wp\/v2\/product\/15279","targetHints":{"allow":["GET"]}}],"collection":[{"href":"https:\/\/stampcurio.com\/hu\/wp-json\/wp\/v2\/product"}],"about":[{"href":"https:\/\/stampcurio.com\/hu\/wp-json\/wp\/v2\/types\/product"}],"wp:featuredmedia":[{"embeddable":true,"href":"https:\/\/stampcurio.com\/hu\/wp-json\/wp\/v2\/media\/24544"}],"wp:attachment":[{"href":"https:\/\/stampcurio.com\/hu\/wp-json\/wp\/v2\/media?parent=15279"}],"wp:term":[{"taxonomy":"product_brand","embeddable":true,"href":"https:\/\/stampcurio.com\/hu\/wp-json\/wp\/v2\/product_brand?post=15279"},{"taxonomy":"product_cat","embeddable":true,"href":"https:\/\/stampcurio.com\/hu\/wp-json\/wp\/v2\/product_cat?post=15279"},{"taxonomy":"product_tag","embeddable":true,"href":"https:\/\/stampcurio.com\/hu\/wp-json\/wp\/v2\/product_tag?post=15279"}],"curies":[{"name":"wp","href":"https:\/\/api.w.org\/{rel}","templated":true}]}}