{"id":15277,"date":"2024-11-29T18:30:13","date_gmt":"2024-11-29T17:30:13","guid":{"rendered":"https:\/\/stampcurio.com\/product\/xxx-magyar-posta-5-10-20-f-40f-1919-nagyvarad-77ezer-huf-phu\/"},"modified":"2025-12-05T04:07:33","modified_gmt":"2025-12-05T03:07:33","slug":"1919-nagyvarad-magyar-posta-5-10-20-es-40-filler-postatiszta-teljes-ivekben-pruf-bodor-phu-195-eur","status":"publish","type":"product","link":"https:\/\/stampcurio.com\/hu\/termek\/1919-nagyvarad-magyar-posta-5-10-20-es-40-filler-postatiszta-teljes-ivekben-pruf-bodor-phu-195-eur\/","title":{"rendered":"1919 Nagyv\u00e1rad &#8211;  Magyar Posta 5, 10, 20 \u00e9s 40 fill\u00e9r postatiszta ** teljes \u00edvekben \/ Pr\u00fcf: Bodor | PHu: 195 EUR"},"content":{"rendered":"","protected":false},"excerpt":{"rendered":"","protected":false},"featured_media":24801,"template":"","meta":[],"product_brand":[],"product_cat":[1172,1208],"product_tag":[1664,116,217],"class_list":{"0":"post-15277","1":"product","2":"type-product","3":"status-publish","4":"has-post-thumbnail","6":"product_cat-magyarorszag","7":"product_cat-romania","8":"product_tag-2nd-auction-hu","9":"product_tag-belyeg","10":"product_tag-tevnyomat","12":"first","13":"outofstock","14":"sold-individually","15":"shipping-taxable","16":"product-type-simple"},"_links":{"self":[{"href":"https:\/\/stampcurio.com\/hu\/wp-json\/wp\/v2\/product\/15277","targetHints":{"allow":["GET"]}}],"collection":[{"href":"https:\/\/stampcurio.com\/hu\/wp-json\/wp\/v2\/product"}],"about":[{"href":"https:\/\/stampcurio.com\/hu\/wp-json\/wp\/v2\/types\/product"}],"wp:featuredmedia":[{"embeddable":true,"href":"https:\/\/stampcurio.com\/hu\/wp-json\/wp\/v2\/media\/24801"}],"wp:attachment":[{"href":"https:\/\/stampcurio.com\/hu\/wp-json\/wp\/v2\/media?parent=15277"}],"wp:term":[{"taxonomy":"product_brand","embeddable":true,"href":"https:\/\/stampcurio.com\/hu\/wp-json\/wp\/v2\/product_brand?post=15277"},{"taxonomy":"product_cat","embeddable":true,"href":"https:\/\/stampcurio.com\/hu\/wp-json\/wp\/v2\/product_cat?post=15277"},{"taxonomy":"product_tag","embeddable":true,"href":"https:\/\/stampcurio.com\/hu\/wp-json\/wp\/v2\/product_tag?post=15277"}],"curies":[{"name":"wp","href":"https:\/\/api.w.org\/{rel}","templated":true}]}}