{"id":15276,"date":"2024-11-29T18:30:12","date_gmt":"2024-11-29T17:30:12","guid":{"rendered":"https:\/\/stampcurio.com\/product\/xxx-karoly-zita-belyegeke-kulonfele-felulnyomasokal-karoly-2x20f-25f-zita-koztarsasag-2x50f\/"},"modified":"2025-12-05T04:07:35","modified_gmt":"2025-12-05T03:07:35","slug":"1919-nagyvarad-teljes-ivek-kulonfele-szedesu-felulnyomasokal-karoly-2-x-20f-25f-koztarsasag-zita-2x50-f-pruf-bodor-phu-240-eur","status":"publish","type":"product","link":"https:\/\/stampcurio.com\/hu\/termek\/1919-nagyvarad-teljes-ivek-kulonfele-szedesu-felulnyomasokal-karoly-2-x-20f-25f-koztarsasag-zita-2x50-f-pruf-bodor-phu-240-eur\/","title":{"rendered":"1919 Nagyv\u00e1rad &#8211; teljes \u00edvek k\u00fcl\u00f6nf\u00e9le szed\u00e9s\u0171 fel\u00fclnyom\u00e1sokal &#8211; K\u00e1roly 2 x 20f + 25f, K\u00f6zt\u00e1rsas\u00e1g \/ Zita 2&#215;50 f &#8211; Pr\u00fcf: Bodor | PHu: 240 EUR"},"content":{"rendered":"","protected":false},"excerpt":{"rendered":"","protected":false},"featured_media":24559,"template":"","meta":[],"product_brand":[],"product_cat":[1172,1208],"product_tag":[1664,116,217],"class_list":{"0":"post-15276","1":"product","2":"type-product","3":"status-publish","4":"has-post-thumbnail","6":"product_cat-magyarorszag","7":"product_cat-romania","8":"product_tag-2nd-auction-hu","9":"product_tag-belyeg","10":"product_tag-tevnyomat","12":"first","13":"outofstock","14":"sold-individually","15":"shipping-taxable","16":"product-type-simple"},"_links":{"self":[{"href":"https:\/\/stampcurio.com\/hu\/wp-json\/wp\/v2\/product\/15276","targetHints":{"allow":["GET"]}}],"collection":[{"href":"https:\/\/stampcurio.com\/hu\/wp-json\/wp\/v2\/product"}],"about":[{"href":"https:\/\/stampcurio.com\/hu\/wp-json\/wp\/v2\/types\/product"}],"wp:featuredmedia":[{"embeddable":true,"href":"https:\/\/stampcurio.com\/hu\/wp-json\/wp\/v2\/media\/24559"}],"wp:attachment":[{"href":"https:\/\/stampcurio.com\/hu\/wp-json\/wp\/v2\/media?parent=15276"}],"wp:term":[{"taxonomy":"product_brand","embeddable":true,"href":"https:\/\/stampcurio.com\/hu\/wp-json\/wp\/v2\/product_brand?post=15276"},{"taxonomy":"product_cat","embeddable":true,"href":"https:\/\/stampcurio.com\/hu\/wp-json\/wp\/v2\/product_cat?post=15276"},{"taxonomy":"product_tag","embeddable":true,"href":"https:\/\/stampcurio.com\/hu\/wp-json\/wp\/v2\/product_tag?post=15276"}],"curies":[{"name":"wp","href":"https:\/\/api.w.org\/{rel}","templated":true}]}}