{"id":15275,"date":"2024-11-29T18:30:12","date_gmt":"2024-11-29T17:30:12","guid":{"rendered":"https:\/\/stampcurio.com\/product\/1919-nagyvarad-surgos-hadisegely-iii-15f-hirlap-hadis-45f\/"},"modified":"2025-12-05T04:07:35","modified_gmt":"2025-12-05T03:07:35","slug":"1919-nagyvarad-hirlapjegy-surgos-hadisegely-iii-15-es-45-filler-teljes-ivek-pruf-bodor-phu-190-eur","status":"publish","type":"product","link":"https:\/\/stampcurio.com\/hu\/termek\/1919-nagyvarad-hirlapjegy-surgos-hadisegely-iii-15-es-45-filler-teljes-ivek-pruf-bodor-phu-190-eur\/","title":{"rendered":"1919 Nagyv\u00e1rad &#8211; h\u00edrlapjegy + s\u00fcrg\u0151s + Hadiseg\u00e9ly III. 15 \u00e9s 45 fill\u00e9r teljes \u00edvek &#8211;  Pr\u00fcf: Bodor | PHu: 190 EUR"},"content":{"rendered":"","protected":false},"excerpt":{"rendered":"","protected":false},"featured_media":24565,"template":"","meta":[],"product_brand":[],"product_cat":[1172,1208],"product_tag":[1664,116,217],"class_list":{"0":"post-15275","1":"product","2":"type-product","3":"status-publish","4":"has-post-thumbnail","6":"product_cat-magyarorszag","7":"product_cat-romania","8":"product_tag-2nd-auction-hu","9":"product_tag-belyeg","10":"product_tag-tevnyomat","12":"first","13":"outofstock","14":"sold-individually","15":"shipping-taxable","16":"product-type-simple"},"_links":{"self":[{"href":"https:\/\/stampcurio.com\/hu\/wp-json\/wp\/v2\/product\/15275","targetHints":{"allow":["GET"]}}],"collection":[{"href":"https:\/\/stampcurio.com\/hu\/wp-json\/wp\/v2\/product"}],"about":[{"href":"https:\/\/stampcurio.com\/hu\/wp-json\/wp\/v2\/types\/product"}],"wp:featuredmedia":[{"embeddable":true,"href":"https:\/\/stampcurio.com\/hu\/wp-json\/wp\/v2\/media\/24565"}],"wp:attachment":[{"href":"https:\/\/stampcurio.com\/hu\/wp-json\/wp\/v2\/media?parent=15275"}],"wp:term":[{"taxonomy":"product_brand","embeddable":true,"href":"https:\/\/stampcurio.com\/hu\/wp-json\/wp\/v2\/product_brand?post=15275"},{"taxonomy":"product_cat","embeddable":true,"href":"https:\/\/stampcurio.com\/hu\/wp-json\/wp\/v2\/product_cat?post=15275"},{"taxonomy":"product_tag","embeddable":true,"href":"https:\/\/stampcurio.com\/hu\/wp-json\/wp\/v2\/product_tag?post=15275"}],"curies":[{"name":"wp","href":"https:\/\/api.w.org\/{rel}","templated":true}]}}