{"id":15274,"date":"2024-11-29T18:30:12","date_gmt":"2024-11-29T17:30:12","guid":{"rendered":"https:\/\/stampcurio.com\/product\/1919-nagyvarad-hirlapbelyeg-fekvo-vizjeles-iv-postatiszta-ivben\/"},"modified":"2025-12-05T04:07:35","modified_gmt":"2025-12-05T03:07:35","slug":"1919-nagyvarad-hirlapbelyeg-fekvo-vizjeles-postatiszta-teljes-ivben-phu-1250-eur-pruf-bodor","status":"publish","type":"product","link":"https:\/\/stampcurio.com\/hu\/termek\/1919-nagyvarad-hirlapbelyeg-fekvo-vizjeles-postatiszta-teljes-ivben-phu-1250-eur-pruf-bodor\/","title":{"rendered":"1919 Nagyv\u00e1rad &#8211; h\u00edrlapb\u00e9lyeg fekv\u0151 (!) v\u00edzjeles postatiszta ** teljes \u00edvben | PHu: 1250 EUR | pr\u00fcf: Bodor"},"content":{"rendered":"","protected":false},"excerpt":{"rendered":"","protected":false},"featured_media":24572,"template":"","meta":[],"product_brand":[],"product_cat":[1172,1208],"product_tag":[1664,116,176,217],"class_list":{"0":"post-15274","1":"product","2":"type-product","3":"status-publish","4":"has-post-thumbnail","6":"product_cat-magyarorszag","7":"product_cat-romania","8":"product_tag-2nd-auction-hu","9":"product_tag-belyeg","10":"product_tag-philagem","11":"product_tag-tevnyomat","13":"first","14":"outofstock","15":"sold-individually","16":"shipping-taxable","17":"product-type-simple"},"_links":{"self":[{"href":"https:\/\/stampcurio.com\/hu\/wp-json\/wp\/v2\/product\/15274","targetHints":{"allow":["GET"]}}],"collection":[{"href":"https:\/\/stampcurio.com\/hu\/wp-json\/wp\/v2\/product"}],"about":[{"href":"https:\/\/stampcurio.com\/hu\/wp-json\/wp\/v2\/types\/product"}],"wp:featuredmedia":[{"embeddable":true,"href":"https:\/\/stampcurio.com\/hu\/wp-json\/wp\/v2\/media\/24572"}],"wp:attachment":[{"href":"https:\/\/stampcurio.com\/hu\/wp-json\/wp\/v2\/media?parent=15274"}],"wp:term":[{"taxonomy":"product_brand","embeddable":true,"href":"https:\/\/stampcurio.com\/hu\/wp-json\/wp\/v2\/product_brand?post=15274"},{"taxonomy":"product_cat","embeddable":true,"href":"https:\/\/stampcurio.com\/hu\/wp-json\/wp\/v2\/product_cat?post=15274"},{"taxonomy":"product_tag","embeddable":true,"href":"https:\/\/stampcurio.com\/hu\/wp-json\/wp\/v2\/product_tag?post=15274"}],"curies":[{"name":"wp","href":"https:\/\/api.w.org\/{rel}","templated":true}]}}