{"id":15273,"date":"2024-11-29T18:30:12","date_gmt":"2024-11-29T17:30:12","guid":{"rendered":"https:\/\/stampcurio.com\/product\/1919-nagyvarad-piros-porto-ivek-20-f-belyeg-ket-szinben-ketfajta-felulnyomattal-xxx-a-2-filler-is-ket-szedesi-felulnyomattal-van\/"},"modified":"2025-12-05T04:07:34","modified_gmt":"2025-12-05T03:07:34","slug":"1919-nagyvarad-piros-porto-ivek-a-2-filler-es-20-filler-belyegek-ket-szinben-ketfajta-felulnyomattal-pruf-bodor-phu-190-eur","status":"publish","type":"product","link":"https:\/\/stampcurio.com\/hu\/termek\/1919-nagyvarad-piros-porto-ivek-a-2-filler-es-20-filler-belyegek-ket-szinben-ketfajta-felulnyomattal-pruf-bodor-phu-190-eur\/","title":{"rendered":"1919 Nagyv\u00e1rad &#8211; piros port\u00f3 \u00edvek &#8211; a 2 fill\u00e9r \u00e9s 20 fill\u00e9r b\u00e9lyegek k\u00e9t sz\u00ednben k\u00e9tfajta fel\u00fclnyomattal &#8211; Pr\u00fcf: Bodor | PHu: 190 EUR"},"content":{"rendered":"","protected":false},"excerpt":{"rendered":"","protected":false},"featured_media":24568,"template":"","meta":[],"product_brand":[],"product_cat":[1172,1208],"product_tag":[1664,116,108,217],"class_list":{"0":"post-15273","1":"product","2":"type-product","3":"status-publish","4":"has-post-thumbnail","6":"product_cat-magyarorszag","7":"product_cat-romania","8":"product_tag-2nd-auction-hu","9":"product_tag-belyeg","10":"product_tag-porto","11":"product_tag-tevnyomat","13":"first","14":"outofstock","15":"sold-individually","16":"shipping-taxable","17":"product-type-simple"},"_links":{"self":[{"href":"https:\/\/stampcurio.com\/hu\/wp-json\/wp\/v2\/product\/15273","targetHints":{"allow":["GET"]}}],"collection":[{"href":"https:\/\/stampcurio.com\/hu\/wp-json\/wp\/v2\/product"}],"about":[{"href":"https:\/\/stampcurio.com\/hu\/wp-json\/wp\/v2\/types\/product"}],"wp:featuredmedia":[{"embeddable":true,"href":"https:\/\/stampcurio.com\/hu\/wp-json\/wp\/v2\/media\/24568"}],"wp:attachment":[{"href":"https:\/\/stampcurio.com\/hu\/wp-json\/wp\/v2\/media?parent=15273"}],"wp:term":[{"taxonomy":"product_brand","embeddable":true,"href":"https:\/\/stampcurio.com\/hu\/wp-json\/wp\/v2\/product_brand?post=15273"},{"taxonomy":"product_cat","embeddable":true,"href":"https:\/\/stampcurio.com\/hu\/wp-json\/wp\/v2\/product_cat?post=15273"},{"taxonomy":"product_tag","embeddable":true,"href":"https:\/\/stampcurio.com\/hu\/wp-json\/wp\/v2\/product_tag?post=15273"}],"curies":[{"name":"wp","href":"https:\/\/api.w.org\/{rel}","templated":true}]}}