{"id":15272,"date":"2024-11-29T18:30:11","date_gmt":"2024-11-29T17:30:11","guid":{"rendered":"https:\/\/stampcurio.com\/product\/1919-kolozsvar-arato-ivek-ban-i-tevnyomat-3-6-15-40-filleren-2-esen-nincs\/"},"modified":"2025-12-05T04:07:36","modified_gmt":"2025-12-05T03:07:36","slug":"1919-kolozsvar-arato-ivek-ban-i-tevnyomat-a-3-6-15-es-40-filleres-iveken-pruf-bodor-phu-220-eur","status":"publish","type":"product","link":"https:\/\/stampcurio.com\/hu\/termek\/1919-kolozsvar-arato-ivek-ban-i-tevnyomat-a-3-6-15-es-40-filleres-iveken-pruf-bodor-phu-220-eur\/","title":{"rendered":"1919 Kolozsv\u00e1r &#8211; arat\u00f3 \u00edvek + BAN I t\u00e9vnyomat a 3, 6, 15 \u00e9s 40 fill\u00e9res \u00edveken \/ Pr\u00fcf: Bodor | PHu: 220 EUR"},"content":{"rendered":"","protected":false},"excerpt":{"rendered":"","protected":false},"featured_media":24553,"template":"","meta":[],"product_brand":[],"product_cat":[1172,1208],"product_tag":[1664,116,217],"class_list":{"0":"post-15272","1":"product","2":"type-product","3":"status-publish","4":"has-post-thumbnail","6":"product_cat-magyarorszag","7":"product_cat-romania","8":"product_tag-2nd-auction-hu","9":"product_tag-belyeg","10":"product_tag-tevnyomat","12":"first","13":"outofstock","14":"sold-individually","15":"shipping-taxable","16":"product-type-simple"},"_links":{"self":[{"href":"https:\/\/stampcurio.com\/hu\/wp-json\/wp\/v2\/product\/15272","targetHints":{"allow":["GET"]}}],"collection":[{"href":"https:\/\/stampcurio.com\/hu\/wp-json\/wp\/v2\/product"}],"about":[{"href":"https:\/\/stampcurio.com\/hu\/wp-json\/wp\/v2\/types\/product"}],"wp:featuredmedia":[{"embeddable":true,"href":"https:\/\/stampcurio.com\/hu\/wp-json\/wp\/v2\/media\/24553"}],"wp:attachment":[{"href":"https:\/\/stampcurio.com\/hu\/wp-json\/wp\/v2\/media?parent=15272"}],"wp:term":[{"taxonomy":"product_brand","embeddable":true,"href":"https:\/\/stampcurio.com\/hu\/wp-json\/wp\/v2\/product_brand?post=15272"},{"taxonomy":"product_cat","embeddable":true,"href":"https:\/\/stampcurio.com\/hu\/wp-json\/wp\/v2\/product_cat?post=15272"},{"taxonomy":"product_tag","embeddable":true,"href":"https:\/\/stampcurio.com\/hu\/wp-json\/wp\/v2\/product_tag?post=15272"}],"curies":[{"name":"wp","href":"https:\/\/api.w.org\/{rel}","templated":true}]}}