{"id":15271,"date":"2024-11-29T18:30:11","date_gmt":"2024-11-29T17:30:11","guid":{"rendered":"https:\/\/stampcurio.com\/product\/1919-kolozsvar-bani-2-10-20-piros-porto-teljes-ivek-phu-70ezer\/"},"modified":"2025-12-05T04:07:36","modified_gmt":"2025-12-05T03:07:36","slug":"1919-kolozsvar-piros-porto-2-10-es-20-bani-teljes-postatiszta-ivek-pruf-bodor-phu-145-eur","status":"publish","type":"product","link":"https:\/\/stampcurio.com\/hu\/termek\/1919-kolozsvar-piros-porto-2-10-es-20-bani-teljes-postatiszta-ivek-pruf-bodor-phu-145-eur\/","title":{"rendered":"1919 Kolozsv\u00e1r &#8211; piros port\u00f3 2, 10 \u00e9s 20 BANI teljes postatiszta ** \u00edvek \/ Pr\u00fcf: Bodor | PHu: 145 EUR"},"content":{"rendered":"","protected":false},"excerpt":{"rendered":"","protected":false},"featured_media":24563,"template":"","meta":[],"product_brand":[],"product_cat":[1172,1208],"product_tag":[1664,116,108,217],"class_list":{"0":"post-15271","1":"product","2":"type-product","3":"status-publish","4":"has-post-thumbnail","6":"product_cat-magyarorszag","7":"product_cat-romania","8":"product_tag-2nd-auction-hu","9":"product_tag-belyeg","10":"product_tag-porto","11":"product_tag-tevnyomat","13":"first","14":"outofstock","15":"sold-individually","16":"shipping-taxable","17":"product-type-simple"},"_links":{"self":[{"href":"https:\/\/stampcurio.com\/hu\/wp-json\/wp\/v2\/product\/15271","targetHints":{"allow":["GET"]}}],"collection":[{"href":"https:\/\/stampcurio.com\/hu\/wp-json\/wp\/v2\/product"}],"about":[{"href":"https:\/\/stampcurio.com\/hu\/wp-json\/wp\/v2\/types\/product"}],"wp:featuredmedia":[{"embeddable":true,"href":"https:\/\/stampcurio.com\/hu\/wp-json\/wp\/v2\/media\/24563"}],"wp:attachment":[{"href":"https:\/\/stampcurio.com\/hu\/wp-json\/wp\/v2\/media?parent=15271"}],"wp:term":[{"taxonomy":"product_brand","embeddable":true,"href":"https:\/\/stampcurio.com\/hu\/wp-json\/wp\/v2\/product_brand?post=15271"},{"taxonomy":"product_cat","embeddable":true,"href":"https:\/\/stampcurio.com\/hu\/wp-json\/wp\/v2\/product_cat?post=15271"},{"taxonomy":"product_tag","embeddable":true,"href":"https:\/\/stampcurio.com\/hu\/wp-json\/wp\/v2\/product_tag?post=15271"}],"curies":[{"name":"wp","href":"https:\/\/api.w.org\/{rel}","templated":true}]}}