{"id":15270,"date":"2024-11-29T18:30:11","date_gmt":"2024-11-29T17:30:11","guid":{"rendered":"https:\/\/stampcurio.com\/product\/1919-kolozsar-surgos-2-iv-felulnyomat-ket-fele-szedesevel-ban-i-bani-lemezhiba-nelkul-phu-40ezer\/"},"modified":"2025-12-05T04:07:35","modified_gmt":"2025-12-05T03:07:35","slug":"1919-kolozsvar-surgos-ket-teljes-iv-a-felulnyomat-ketfele-szedesevel-benne-ban-i-bani-vegyes-tipus-is-pruf-bodor-phu-100-eur","status":"publish","type":"product","link":"https:\/\/stampcurio.com\/hu\/termek\/1919-kolozsvar-surgos-ket-teljes-iv-a-felulnyomat-ketfele-szedesevel-benne-ban-i-bani-vegyes-tipus-is-pruf-bodor-phu-100-eur\/","title":{"rendered":"1919 Kolozsv\u00e1r &#8211; S\u00dcRG\u0150S k\u00e9t teljes \u00edv a fel\u00fclnyomat k\u00e9tf\u00e9le szed\u00e9s\u00e9vel \/ benne BAN I + BANI vegyes t\u00edpus is &#8211; Pr\u00fcf: Bodor | PHu: 100 EUR+++"},"content":{"rendered":"","protected":false},"excerpt":{"rendered":"","protected":false},"featured_media":24570,"template":"","meta":[],"product_brand":[],"product_cat":[1172,1208],"product_tag":[1664,116,217],"class_list":{"0":"post-15270","1":"product","2":"type-product","3":"status-publish","4":"has-post-thumbnail","6":"product_cat-magyarorszag","7":"product_cat-romania","8":"product_tag-2nd-auction-hu","9":"product_tag-belyeg","10":"product_tag-tevnyomat","12":"first","13":"outofstock","14":"sold-individually","15":"shipping-taxable","16":"product-type-simple"},"_links":{"self":[{"href":"https:\/\/stampcurio.com\/hu\/wp-json\/wp\/v2\/product\/15270","targetHints":{"allow":["GET"]}}],"collection":[{"href":"https:\/\/stampcurio.com\/hu\/wp-json\/wp\/v2\/product"}],"about":[{"href":"https:\/\/stampcurio.com\/hu\/wp-json\/wp\/v2\/types\/product"}],"wp:featuredmedia":[{"embeddable":true,"href":"https:\/\/stampcurio.com\/hu\/wp-json\/wp\/v2\/media\/24570"}],"wp:attachment":[{"href":"https:\/\/stampcurio.com\/hu\/wp-json\/wp\/v2\/media?parent=15270"}],"wp:term":[{"taxonomy":"product_brand","embeddable":true,"href":"https:\/\/stampcurio.com\/hu\/wp-json\/wp\/v2\/product_brand?post=15270"},{"taxonomy":"product_cat","embeddable":true,"href":"https:\/\/stampcurio.com\/hu\/wp-json\/wp\/v2\/product_cat?post=15270"},{"taxonomy":"product_tag","embeddable":true,"href":"https:\/\/stampcurio.com\/hu\/wp-json\/wp\/v2\/product_tag?post=15270"}],"curies":[{"name":"wp","href":"https:\/\/api.w.org\/{rel}","templated":true}]}}