{"id":15269,"date":"2024-11-29T18:30:10","date_gmt":"2024-11-29T17:30:10","guid":{"rendered":"https:\/\/stampcurio.com\/product\/1926-123-filler-teljes-ivben-vizszintesen-hajtott-ivek-15-os-fogazassal-phu-70ezer-huf\/"},"modified":"2025-12-05T04:07:37","modified_gmt":"2025-12-05T03:07:37","slug":"1926-magyarorszag-1-2-3-filler-teljes-ivben-15-os-fogazassal-vizszintesen-hajtott-ivek-az-ivszelen-nyomdai-jelzesekkel-es-a-gyartas-datumaval-phu-145-eur","status":"publish","type":"product","link":"https:\/\/stampcurio.com\/hu\/termek\/1926-magyarorszag-1-2-3-filler-teljes-ivben-15-os-fogazassal-vizszintesen-hajtott-ivek-az-ivszelen-nyomdai-jelzesekkel-es-a-gyartas-datumaval-phu-145-eur\/","title":{"rendered":"1926 Magyarorsz\u00e1g &#8211; 1, 2, 3 fill\u00e9r teljes \u00edvben 15-\u00f6s fogaz\u00e1ssal &#8211; v\u00edzszintesen hajtott \u00edvek + az \u00edvsz\u00e9len nyomdai jelz\u00e9sekkel \u00e9s a gy\u00e1rt\u00e1s d\u00e1tum\u00e1val | PHu: 145 EUR"},"content":{"rendered":"","protected":false},"excerpt":{"rendered":"","protected":false},"featured_media":24530,"template":"","meta":[],"product_brand":[],"product_cat":[1172],"product_tag":[1664,116,217],"class_list":{"0":"post-15269","1":"product","2":"type-product","3":"status-publish","4":"has-post-thumbnail","6":"product_cat-magyarorszag","7":"product_tag-2nd-auction-hu","8":"product_tag-belyeg","9":"product_tag-tevnyomat","11":"first","12":"outofstock","13":"sold-individually","14":"shipping-taxable","15":"product-type-simple"},"_links":{"self":[{"href":"https:\/\/stampcurio.com\/hu\/wp-json\/wp\/v2\/product\/15269","targetHints":{"allow":["GET"]}}],"collection":[{"href":"https:\/\/stampcurio.com\/hu\/wp-json\/wp\/v2\/product"}],"about":[{"href":"https:\/\/stampcurio.com\/hu\/wp-json\/wp\/v2\/types\/product"}],"wp:featuredmedia":[{"embeddable":true,"href":"https:\/\/stampcurio.com\/hu\/wp-json\/wp\/v2\/media\/24530"}],"wp:attachment":[{"href":"https:\/\/stampcurio.com\/hu\/wp-json\/wp\/v2\/media?parent=15269"}],"wp:term":[{"taxonomy":"product_brand","embeddable":true,"href":"https:\/\/stampcurio.com\/hu\/wp-json\/wp\/v2\/product_brand?post=15269"},{"taxonomy":"product_cat","embeddable":true,"href":"https:\/\/stampcurio.com\/hu\/wp-json\/wp\/v2\/product_cat?post=15269"},{"taxonomy":"product_tag","embeddable":true,"href":"https:\/\/stampcurio.com\/hu\/wp-json\/wp\/v2\/product_tag?post=15269"}],"curies":[{"name":"wp","href":"https:\/\/api.w.org\/{rel}","templated":true}]}}