{"id":15268,"date":"2024-11-29T18:30:10","date_gmt":"2024-11-29T17:30:10","guid":{"rendered":"https:\/\/stampcurio.com\/product\/1919-kolozsvar-hadisegely-iii-felulnyomott-ivsor-a-40f-iven-a-2-ivhelyen-ban-i-szedesvarians\/"},"modified":"2025-12-05T04:07:37","modified_gmt":"2025-12-05T03:07:37","slug":"1919-kolozsvar-hadisegely-iii-felulnyomott-ivsor-a-40-filler-iven-a-2-ivhelyen-ban-i-szedesvarians-phu-115-eur-pruf-bodor","status":"publish","type":"product","link":"https:\/\/stampcurio.com\/hu\/termek\/1919-kolozsvar-hadisegely-iii-felulnyomott-ivsor-a-40-filler-iven-a-2-ivhelyen-ban-i-szedesvarians-phu-115-eur-pruf-bodor\/","title":{"rendered":"1919 Kolozsv\u00e1r &#8211; Hadiseg\u00e9ly III. fel\u00fclnyomott \u00edvsor &#8211; a 40 fill\u00e9r \u00edven a 2. \u00edvhelyen \u201eBAN I\u201d szed\u00e9svari\u00e1ns | PHu: 115++ EUR | pr\u00fcf: Bodor"},"content":{"rendered":"","protected":false},"excerpt":{"rendered":"","protected":false},"featured_media":24557,"template":"","meta":[],"product_brand":[],"product_cat":[1172,1208],"product_tag":[1664,116,217],"class_list":{"0":"post-15268","1":"product","2":"type-product","3":"status-publish","4":"has-post-thumbnail","6":"product_cat-magyarorszag","7":"product_cat-romania","8":"product_tag-2nd-auction-hu","9":"product_tag-belyeg","10":"product_tag-tevnyomat","12":"first","13":"outofstock","14":"sold-individually","15":"shipping-taxable","16":"product-type-simple"},"_links":{"self":[{"href":"https:\/\/stampcurio.com\/hu\/wp-json\/wp\/v2\/product\/15268","targetHints":{"allow":["GET"]}}],"collection":[{"href":"https:\/\/stampcurio.com\/hu\/wp-json\/wp\/v2\/product"}],"about":[{"href":"https:\/\/stampcurio.com\/hu\/wp-json\/wp\/v2\/types\/product"}],"wp:featuredmedia":[{"embeddable":true,"href":"https:\/\/stampcurio.com\/hu\/wp-json\/wp\/v2\/media\/24557"}],"wp:attachment":[{"href":"https:\/\/stampcurio.com\/hu\/wp-json\/wp\/v2\/media?parent=15268"}],"wp:term":[{"taxonomy":"product_brand","embeddable":true,"href":"https:\/\/stampcurio.com\/hu\/wp-json\/wp\/v2\/product_brand?post=15268"},{"taxonomy":"product_cat","embeddable":true,"href":"https:\/\/stampcurio.com\/hu\/wp-json\/wp\/v2\/product_cat?post=15268"},{"taxonomy":"product_tag","embeddable":true,"href":"https:\/\/stampcurio.com\/hu\/wp-json\/wp\/v2\/product_tag?post=15268"}],"curies":[{"name":"wp","href":"https:\/\/api.w.org\/{rel}","templated":true}]}}