{"id":15267,"date":"2024-11-29T18:30:10","date_gmt":"2024-11-29T17:30:10","guid":{"rendered":"https:\/\/stampcurio.com\/product\/1919-kolozsvar-karoly-zita-20f-25f-40f-teljes-ivek-minden-iven-a-2-ivhelyen-ban-i-szedesvarians\/"},"modified":"2025-12-05T04:07:36","modified_gmt":"2025-12-05T03:07:36","slug":"1919-kolozsvar-karoly-20-es-25-filler-zita-40-filler-teljes-ivek-minden-iven-a-2-ivhelyen-ban-i-szedesvarians-pruf-bodor-phu-140-eur","status":"publish","type":"product","link":"https:\/\/stampcurio.com\/hu\/termek\/1919-kolozsvar-karoly-20-es-25-filler-zita-40-filler-teljes-ivek-minden-iven-a-2-ivhelyen-ban-i-szedesvarians-pruf-bodor-phu-140-eur\/","title":{"rendered":"1919 Kolozsv\u00e1r &#8211; K\u00e1roly 20 \u00e9s 25 fill\u00e9r + Zita 40 fill\u00e9r teljes \u00edvek &#8211; minden \u00edven a 2. \u00edvhelyen \u201eBAN I\u201d szed\u00e9svari\u00e1ns \/ Pr\u00fcf: Bodor \/ PHu: 140++ EUR"},"content":{"rendered":"","protected":false},"excerpt":{"rendered":"","protected":false},"featured_media":24555,"template":"","meta":[],"product_brand":[],"product_cat":[1172,1208],"product_tag":[1664,116,217],"class_list":{"0":"post-15267","1":"product","2":"type-product","3":"status-publish","4":"has-post-thumbnail","6":"product_cat-magyarorszag","7":"product_cat-romania","8":"product_tag-2nd-auction-hu","9":"product_tag-belyeg","10":"product_tag-tevnyomat","12":"first","13":"outofstock","14":"sold-individually","15":"shipping-taxable","16":"product-type-simple"},"_links":{"self":[{"href":"https:\/\/stampcurio.com\/hu\/wp-json\/wp\/v2\/product\/15267","targetHints":{"allow":["GET"]}}],"collection":[{"href":"https:\/\/stampcurio.com\/hu\/wp-json\/wp\/v2\/product"}],"about":[{"href":"https:\/\/stampcurio.com\/hu\/wp-json\/wp\/v2\/types\/product"}],"wp:featuredmedia":[{"embeddable":true,"href":"https:\/\/stampcurio.com\/hu\/wp-json\/wp\/v2\/media\/24555"}],"wp:attachment":[{"href":"https:\/\/stampcurio.com\/hu\/wp-json\/wp\/v2\/media?parent=15267"}],"wp:term":[{"taxonomy":"product_brand","embeddable":true,"href":"https:\/\/stampcurio.com\/hu\/wp-json\/wp\/v2\/product_brand?post=15267"},{"taxonomy":"product_cat","embeddable":true,"href":"https:\/\/stampcurio.com\/hu\/wp-json\/wp\/v2\/product_cat?post=15267"},{"taxonomy":"product_tag","embeddable":true,"href":"https:\/\/stampcurio.com\/hu\/wp-json\/wp\/v2\/product_tag?post=15267"}],"curies":[{"name":"wp","href":"https:\/\/api.w.org\/{rel}","templated":true}]}}