{"id":15265,"date":"2024-11-29T18:30:09","date_gmt":"2024-11-29T17:30:09","guid":{"rendered":"https:\/\/stampcurio.com\/product\/1920-5-centissimi-porto-pecsetelt-9-es-tomb-forditott-ertekszammal-ivsarki\/"},"modified":"2025-12-05T04:07:38","modified_gmt":"2025-12-05T03:07:38","slug":"1920-olaszorszag-5-centissimi-portobelyeg-pecsetelt-ivsarki-9-es-tomb-forditott-ertekszammal-ket-darabban-elvallt-fogak","status":"publish","type":"product","link":"https:\/\/stampcurio.com\/hu\/termek\/1920-olaszorszag-5-centissimi-portobelyeg-pecsetelt-ivsarki-9-es-tomb-forditott-ertekszammal-ket-darabban-elvallt-fogak\/","title":{"rendered":"1920 Olaszorsz\u00e1g &#8211; 5 centissimi port\u00f3b\u00e9lyeg pecs\u00e9telt, \u00edvsarki 9-es t\u00f6mb ford\u00edtott \u00e9rt\u00e9ksz\u00e1mmal \u2013 k\u00e9t darabban, elv\u00e1llt fogak"},"content":{"rendered":"","protected":false},"excerpt":{"rendered":"","protected":false},"featured_media":17791,"template":"","meta":[],"product_brand":[],"product_cat":[1183],"product_tag":[1664,116,108,217,1006],"class_list":{"0":"post-15265","1":"product","2":"type-product","3":"status-publish","4":"has-post-thumbnail","6":"product_cat-olaszorszag","7":"product_tag-2nd-auction-hu","8":"product_tag-belyeg","9":"product_tag-porto","10":"product_tag-tevnyomat","11":"product_tag-unsold","13":"first","14":"outofstock","15":"sold-individually","16":"shipping-taxable","17":"product-type-simple"},"_links":{"self":[{"href":"https:\/\/stampcurio.com\/hu\/wp-json\/wp\/v2\/product\/15265","targetHints":{"allow":["GET"]}}],"collection":[{"href":"https:\/\/stampcurio.com\/hu\/wp-json\/wp\/v2\/product"}],"about":[{"href":"https:\/\/stampcurio.com\/hu\/wp-json\/wp\/v2\/types\/product"}],"wp:featuredmedia":[{"embeddable":true,"href":"https:\/\/stampcurio.com\/hu\/wp-json\/wp\/v2\/media\/17791"}],"wp:attachment":[{"href":"https:\/\/stampcurio.com\/hu\/wp-json\/wp\/v2\/media?parent=15265"}],"wp:term":[{"taxonomy":"product_brand","embeddable":true,"href":"https:\/\/stampcurio.com\/hu\/wp-json\/wp\/v2\/product_brand?post=15265"},{"taxonomy":"product_cat","embeddable":true,"href":"https:\/\/stampcurio.com\/hu\/wp-json\/wp\/v2\/product_cat?post=15265"},{"taxonomy":"product_tag","embeddable":true,"href":"https:\/\/stampcurio.com\/hu\/wp-json\/wp\/v2\/product_tag?post=15265"}],"curies":[{"name":"wp","href":"https:\/\/api.w.org\/{rel}","templated":true}]}}