{"id":15264,"date":"2024-11-29T18:30:09","date_gmt":"2024-11-29T17:30:09","guid":{"rendered":"https:\/\/stampcurio.com\/product\/1977-nemet-himalaja-expedicio-manaslu-8156-m\/"},"modified":"2025-12-05T04:07:38","modified_gmt":"2025-12-05T03:07:38","slug":"1977-nepal-a-nemet-himalaja-expedicio-manaslu-8156-m-legiposta-boritek","status":"publish","type":"product","link":"https:\/\/stampcurio.com\/hu\/termek\/1977-nepal-a-nemet-himalaja-expedicio-manaslu-8156-m-legiposta-boritek\/","title":{"rendered":"1977 Nep\u00e1l &#8211; A n\u00e9met himal\u00e1ja expedici\u00f3 (Manaslu 8156 m) l\u00e9giposta bor\u00edt\u00e9k"},"content":{"rendered":"","protected":false},"excerpt":{"rendered":"","protected":false},"featured_media":17930,"template":"","meta":[],"product_brand":[],"product_cat":[1175,1205],"product_tag":[1664,115,89,1006],"class_list":{"0":"post-15264","1":"product","2":"type-product","3":"status-publish","4":"has-post-thumbnail","6":"product_cat-nemetorszag","7":"product_cat-nepal","8":"product_tag-2nd-auction-hu","9":"product_tag-legiposta","10":"product_tag-postatortenet","11":"product_tag-unsold","13":"first","14":"outofstock","15":"sold-individually","16":"shipping-taxable","17":"product-type-simple"},"_links":{"self":[{"href":"https:\/\/stampcurio.com\/hu\/wp-json\/wp\/v2\/product\/15264","targetHints":{"allow":["GET"]}}],"collection":[{"href":"https:\/\/stampcurio.com\/hu\/wp-json\/wp\/v2\/product"}],"about":[{"href":"https:\/\/stampcurio.com\/hu\/wp-json\/wp\/v2\/types\/product"}],"wp:featuredmedia":[{"embeddable":true,"href":"https:\/\/stampcurio.com\/hu\/wp-json\/wp\/v2\/media\/17930"}],"wp:attachment":[{"href":"https:\/\/stampcurio.com\/hu\/wp-json\/wp\/v2\/media?parent=15264"}],"wp:term":[{"taxonomy":"product_brand","embeddable":true,"href":"https:\/\/stampcurio.com\/hu\/wp-json\/wp\/v2\/product_brand?post=15264"},{"taxonomy":"product_cat","embeddable":true,"href":"https:\/\/stampcurio.com\/hu\/wp-json\/wp\/v2\/product_cat?post=15264"},{"taxonomy":"product_tag","embeddable":true,"href":"https:\/\/stampcurio.com\/hu\/wp-json\/wp\/v2\/product_tag?post=15264"}],"curies":[{"name":"wp","href":"https:\/\/api.w.org\/{rel}","templated":true}]}}