{"id":15263,"date":"2024-11-29T18:30:09","date_gmt":"2024-11-29T17:30:09","guid":{"rendered":"https:\/\/stampcurio.com\/product\/1899-belgium-viselte-s-darab-postatakarek-lap-bevaltott-postatakarek-lap-50-db-2-centes-belyeggel-latvanyos-darab\/"},"modified":"2025-12-05T04:07:37","modified_gmt":"2025-12-05T03:07:37","slug":"1899-belgium-bevaltott-postatakarek-lap-50-db-2-centes-belyeggel-viseltes-de-latvanyos-darab","status":"publish","type":"product","link":"https:\/\/stampcurio.com\/hu\/termek\/1899-belgium-bevaltott-postatakarek-lap-50-db-2-centes-belyeggel-viseltes-de-latvanyos-darab\/","title":{"rendered":"1899 Belgium &#8211; bev\u00e1ltott postatakar\u00e9k lap 50 db (!) 2 centes b\u00e9lyeggel &#8211; viseltes, de l\u00e1tv\u00e1nyos darab"},"content":{"rendered":"","protected":false},"excerpt":{"rendered":"","protected":false},"featured_media":17908,"template":"","meta":[],"product_brand":[],"product_cat":[1257],"product_tag":[1664,116,74,89],"class_list":{"0":"post-15263","1":"product","2":"type-product","3":"status-publish","4":"has-post-thumbnail","6":"product_cat-belgium","7":"product_tag-2nd-auction-hu","8":"product_tag-belyeg","9":"product_tag-dijjegyes","10":"product_tag-postatortenet","12":"first","13":"outofstock","14":"sold-individually","15":"shipping-taxable","16":"product-type-simple"},"_links":{"self":[{"href":"https:\/\/stampcurio.com\/hu\/wp-json\/wp\/v2\/product\/15263","targetHints":{"allow":["GET"]}}],"collection":[{"href":"https:\/\/stampcurio.com\/hu\/wp-json\/wp\/v2\/product"}],"about":[{"href":"https:\/\/stampcurio.com\/hu\/wp-json\/wp\/v2\/types\/product"}],"wp:featuredmedia":[{"embeddable":true,"href":"https:\/\/stampcurio.com\/hu\/wp-json\/wp\/v2\/media\/17908"}],"wp:attachment":[{"href":"https:\/\/stampcurio.com\/hu\/wp-json\/wp\/v2\/media?parent=15263"}],"wp:term":[{"taxonomy":"product_brand","embeddable":true,"href":"https:\/\/stampcurio.com\/hu\/wp-json\/wp\/v2\/product_brand?post=15263"},{"taxonomy":"product_cat","embeddable":true,"href":"https:\/\/stampcurio.com\/hu\/wp-json\/wp\/v2\/product_cat?post=15263"},{"taxonomy":"product_tag","embeddable":true,"href":"https:\/\/stampcurio.com\/hu\/wp-json\/wp\/v2\/product_tag?post=15263"}],"curies":[{"name":"wp","href":"https:\/\/api.w.org\/{rel}","templated":true}]}}