{"id":15261,"date":"2024-11-29T18:30:08","date_gmt":"2024-11-29T17:30:08","guid":{"rendered":"https:\/\/stampcurio.com\/product\/west-karolnine-gyarmat-todo-xxx-kratochvillekrol-leradirozni-a-piros-arat\/"},"modified":"2025-12-05T04:07:38","modified_gmt":"2025-12-05T03:07:38","slug":"1912-karolina-szigetek-kepeslap-kratochvill-karolynak-cimezve-vilagkoruli-utrol","status":"publish","type":"product","link":"https:\/\/stampcurio.com\/hu\/termek\/1912-karolina-szigetek-kepeslap-kratochvill-karolynak-cimezve-vilagkoruli-utrol\/","title":{"rendered":"1912 Karolina-szigetek &#8211; k\u00e9peslap Kratochvill K\u00e1rolynak c\u00edmezve vil\u00e1gk\u00f6r\u00fcli \u00fatr\u00f3l"},"content":{"rendered":"","protected":false},"excerpt":{"rendered":"","protected":false},"featured_media":17921,"template":"","meta":[],"product_brand":[],"product_cat":[1172,1256,1175,1217],"product_tag":[1664,116,97,1627,1041,89],"class_list":{"0":"post-15261","1":"product","2":"type-product","3":"status-publish","4":"has-post-thumbnail","6":"product_cat-magyarorszag","7":"product_cat-mikronezia","8":"product_cat-nemetorszag","9":"product_cat-papua-uj-guinea","10":"product_tag-2nd-auction-hu","11":"product_tag-belyeg","12":"product_tag-kepeslap","13":"product_tag-kratochwill","14":"product_tag-marcophily-hu","15":"product_tag-postatortenet","17":"first","18":"outofstock","19":"sold-individually","20":"shipping-taxable","21":"product-type-simple"},"_links":{"self":[{"href":"https:\/\/stampcurio.com\/hu\/wp-json\/wp\/v2\/product\/15261","targetHints":{"allow":["GET"]}}],"collection":[{"href":"https:\/\/stampcurio.com\/hu\/wp-json\/wp\/v2\/product"}],"about":[{"href":"https:\/\/stampcurio.com\/hu\/wp-json\/wp\/v2\/types\/product"}],"wp:featuredmedia":[{"embeddable":true,"href":"https:\/\/stampcurio.com\/hu\/wp-json\/wp\/v2\/media\/17921"}],"wp:attachment":[{"href":"https:\/\/stampcurio.com\/hu\/wp-json\/wp\/v2\/media?parent=15261"}],"wp:term":[{"taxonomy":"product_brand","embeddable":true,"href":"https:\/\/stampcurio.com\/hu\/wp-json\/wp\/v2\/product_brand?post=15261"},{"taxonomy":"product_cat","embeddable":true,"href":"https:\/\/stampcurio.com\/hu\/wp-json\/wp\/v2\/product_cat?post=15261"},{"taxonomy":"product_tag","embeddable":true,"href":"https:\/\/stampcurio.com\/hu\/wp-json\/wp\/v2\/product_tag?post=15261"}],"curies":[{"name":"wp","href":"https:\/\/api.w.org\/{rel}","templated":true}]}}