{"id":15260,"date":"2024-11-29T18:30:08","date_gmt":"2024-11-29T17:30:08","guid":{"rendered":"https:\/\/stampcurio.com\/product\/deutshc-sud-afirka-kepeslap-mombo-lebelyegzes-kratochvill\/"},"modified":"2025-12-05T04:07:38","modified_gmt":"2025-12-05T03:07:38","slug":"1913-nemet-delkelet-afrika-kepeslap-kratochvill-karolynak-cimezve-vilagkoruli-utrol-szep-mombo-lebelyegzes","status":"publish","type":"product","link":"https:\/\/stampcurio.com\/hu\/termek\/1913-nemet-delkelet-afrika-kepeslap-kratochvill-karolynak-cimezve-vilagkoruli-utrol-szep-mombo-lebelyegzes\/","title":{"rendered":"1913 N\u00e9met D\u00e9lkelet-Afrika &#8211; k\u00e9peslap Kratochvill K\u00e1rolynak c\u00edmezve vil\u00e1gk\u00f6r\u00fcli \u00fatr\u00f3l, sz\u00e9p MOMBO leb\u00e9lyegz\u00e9s"},"content":{"rendered":"","protected":false},"excerpt":{"rendered":"","protected":false},"featured_media":17797,"template":"","meta":[],"product_brand":[],"product_cat":[1216,1172,1175],"product_tag":[1664,116,97,1627,1041,89],"class_list":{"0":"post-15260","1":"product","2":"type-product","3":"status-publish","4":"has-post-thumbnail","6":"product_cat-del-afrikai-koztarsasag","7":"product_cat-magyarorszag","8":"product_cat-nemetorszag","9":"product_tag-2nd-auction-hu","10":"product_tag-belyeg","11":"product_tag-kepeslap","12":"product_tag-kratochwill","13":"product_tag-marcophily-hu","14":"product_tag-postatortenet","16":"first","17":"outofstock","18":"sold-individually","19":"shipping-taxable","20":"product-type-simple"},"_links":{"self":[{"href":"https:\/\/stampcurio.com\/hu\/wp-json\/wp\/v2\/product\/15260","targetHints":{"allow":["GET"]}}],"collection":[{"href":"https:\/\/stampcurio.com\/hu\/wp-json\/wp\/v2\/product"}],"about":[{"href":"https:\/\/stampcurio.com\/hu\/wp-json\/wp\/v2\/types\/product"}],"wp:featuredmedia":[{"embeddable":true,"href":"https:\/\/stampcurio.com\/hu\/wp-json\/wp\/v2\/media\/17797"}],"wp:attachment":[{"href":"https:\/\/stampcurio.com\/hu\/wp-json\/wp\/v2\/media?parent=15260"}],"wp:term":[{"taxonomy":"product_brand","embeddable":true,"href":"https:\/\/stampcurio.com\/hu\/wp-json\/wp\/v2\/product_brand?post=15260"},{"taxonomy":"product_cat","embeddable":true,"href":"https:\/\/stampcurio.com\/hu\/wp-json\/wp\/v2\/product_cat?post=15260"},{"taxonomy":"product_tag","embeddable":true,"href":"https:\/\/stampcurio.com\/hu\/wp-json\/wp\/v2\/product_tag?post=15260"}],"curies":[{"name":"wp","href":"https:\/\/api.w.org\/{rel}","templated":true}]}}