{"id":15259,"date":"2024-11-29T18:30:07","date_gmt":"2024-11-29T17:30:07","guid":{"rendered":"https:\/\/stampcurio.com\/product\/deutsch-ost-afrika-morogoro-kepeslap-es-lebelyegzes-kratochvill\/"},"modified":"2025-12-05T04:07:40","modified_gmt":"2025-12-05T03:07:40","slug":"1913-nemet-kelet-afrika-morogoro-kepeslap-es-lebelyegzes-magyarorszagra-kuldve-kratochvill-karolynak-vilagkoruli-utazasrol","status":"publish","type":"product","link":"https:\/\/stampcurio.com\/hu\/termek\/1913-nemet-kelet-afrika-morogoro-kepeslap-es-lebelyegzes-magyarorszagra-kuldve-kratochvill-karolynak-vilagkoruli-utazasrol\/","title":{"rendered":"1913 N\u00e9met-Kelet Afrika &#8211; MOROGORO k\u00e9peslap \u00e9s leb\u00e9lyegz\u00e9s, Magyarorsz\u00e1gra k\u00fcldve Kratochvill K\u00e1rolynak, vil\u00e1gk\u00f6r\u00fcli utaz\u00e1sr\u00f3l"},"content":{"rendered":"","protected":false},"excerpt":{"rendered":"","protected":false},"featured_media":15806,"template":"","meta":[],"product_brand":[],"product_cat":[1172,1175,1211],"product_tag":[1664,116,97,1627,1041,89],"class_list":{"0":"post-15259","1":"product","2":"type-product","3":"status-publish","4":"has-post-thumbnail","6":"product_cat-magyarorszag","7":"product_cat-nemetorszag","8":"product_cat-tanzania","9":"product_tag-2nd-auction-hu","10":"product_tag-belyeg","11":"product_tag-kepeslap","12":"product_tag-kratochwill","13":"product_tag-marcophily-hu","14":"product_tag-postatortenet","16":"first","17":"outofstock","18":"sold-individually","19":"shipping-taxable","20":"product-type-simple"},"_links":{"self":[{"href":"https:\/\/stampcurio.com\/hu\/wp-json\/wp\/v2\/product\/15259","targetHints":{"allow":["GET"]}}],"collection":[{"href":"https:\/\/stampcurio.com\/hu\/wp-json\/wp\/v2\/product"}],"about":[{"href":"https:\/\/stampcurio.com\/hu\/wp-json\/wp\/v2\/types\/product"}],"wp:featuredmedia":[{"embeddable":true,"href":"https:\/\/stampcurio.com\/hu\/wp-json\/wp\/v2\/media\/15806"}],"wp:attachment":[{"href":"https:\/\/stampcurio.com\/hu\/wp-json\/wp\/v2\/media?parent=15259"}],"wp:term":[{"taxonomy":"product_brand","embeddable":true,"href":"https:\/\/stampcurio.com\/hu\/wp-json\/wp\/v2\/product_brand?post=15259"},{"taxonomy":"product_cat","embeddable":true,"href":"https:\/\/stampcurio.com\/hu\/wp-json\/wp\/v2\/product_cat?post=15259"},{"taxonomy":"product_tag","embeddable":true,"href":"https:\/\/stampcurio.com\/hu\/wp-json\/wp\/v2\/product_tag?post=15259"}],"curies":[{"name":"wp","href":"https:\/\/api.w.org\/{rel}","templated":true}]}}