{"id":15257,"date":"2024-11-29T18:30:07","date_gmt":"2024-11-29T17:30:07","guid":{"rendered":"https:\/\/stampcurio.com\/product\/balaton-kiadasra-nem-kerult-de-nyomdailag-legyartott-belyeg\/"},"modified":"2025-12-05T04:07:39","modified_gmt":"2025-12-05T03:07:39","slug":"1965-magyarorszag-a-vegul-kiadatlan-balaton-belyeg-probanyomat","status":"publish","type":"product","link":"https:\/\/stampcurio.com\/hu\/termek\/1965-magyarorszag-a-vegul-kiadatlan-balaton-belyeg-probanyomat\/","title":{"rendered":"1965 Magyarorsz\u00e1g &#8211; a v\u00e9g\u00fcl kiadatlan Balaton b\u00e9lyeg &#8211; pr\u00f3banyomat"},"content":{"rendered":"","protected":false},"excerpt":{"rendered":"","protected":false},"featured_media":17615,"template":"","meta":[],"product_brand":[],"product_cat":[1172],"product_tag":[1664,116,176,390],"class_list":{"0":"post-15257","1":"product","2":"type-product","3":"status-publish","4":"has-post-thumbnail","6":"product_cat-magyarorszag","7":"product_tag-2nd-auction-hu","8":"product_tag-belyeg","9":"product_tag-philagem","10":"product_tag-probanyomat","12":"first","13":"outofstock","14":"sold-individually","15":"shipping-taxable","16":"product-type-simple"},"_links":{"self":[{"href":"https:\/\/stampcurio.com\/hu\/wp-json\/wp\/v2\/product\/15257","targetHints":{"allow":["GET"]}}],"collection":[{"href":"https:\/\/stampcurio.com\/hu\/wp-json\/wp\/v2\/product"}],"about":[{"href":"https:\/\/stampcurio.com\/hu\/wp-json\/wp\/v2\/types\/product"}],"wp:featuredmedia":[{"embeddable":true,"href":"https:\/\/stampcurio.com\/hu\/wp-json\/wp\/v2\/media\/17615"}],"wp:attachment":[{"href":"https:\/\/stampcurio.com\/hu\/wp-json\/wp\/v2\/media?parent=15257"}],"wp:term":[{"taxonomy":"product_brand","embeddable":true,"href":"https:\/\/stampcurio.com\/hu\/wp-json\/wp\/v2\/product_brand?post=15257"},{"taxonomy":"product_cat","embeddable":true,"href":"https:\/\/stampcurio.com\/hu\/wp-json\/wp\/v2\/product_cat?post=15257"},{"taxonomy":"product_tag","embeddable":true,"href":"https:\/\/stampcurio.com\/hu\/wp-json\/wp\/v2\/product_tag?post=15257"}],"curies":[{"name":"wp","href":"https:\/\/api.w.org\/{rel}","templated":true}]}}