{"id":15256,"date":"2024-11-29T18:30:07","date_gmt":"2024-11-29T17:30:07","guid":{"rendered":"https:\/\/stampcurio.com\/product\/seychelle-szigetek-felulnyomott-dijjegyes-boritek-66-cent-kiegeszitessel-svajcba-kuldve-1908\/"},"modified":"2025-12-05T04:07:39","modified_gmt":"2025-12-05T03:07:39","slug":"1908-seychelle-szigetek-felulnyomott-dijjegyes-boritek-66-cent-kiegeszitessel-svajcba-kuldve","status":"publish","type":"product","link":"https:\/\/stampcurio.com\/hu\/termek\/1908-seychelle-szigetek-felulnyomott-dijjegyes-boritek-66-cent-kiegeszitessel-svajcba-kuldve\/","title":{"rendered":"1908 Seychelle-szigetek &#8211; fel\u00fclnyomott d\u00edjjegyes bor\u00edt\u00e9k 66 cent kieg\u00e9sz\u00edt\u00e9ssel, Sv\u00e1jcba k\u00fcldve"},"content":{"rendered":"","protected":false},"excerpt":{"rendered":"","protected":false},"featured_media":17850,"template":"","meta":[],"product_brand":[],"product_cat":[1186,1254,1191],"product_tag":[1664,74,176,89],"class_list":{"0":"post-15256","1":"product","2":"type-product","3":"status-publish","4":"has-post-thumbnail","6":"product_cat-brit-birodalom","7":"product_cat-seychelle-szigetek","8":"product_cat-svajc","9":"product_tag-2nd-auction-hu","10":"product_tag-dijjegyes","11":"product_tag-philagem","12":"product_tag-postatortenet","14":"first","15":"outofstock","16":"sold-individually","17":"shipping-taxable","18":"product-type-simple"},"_links":{"self":[{"href":"https:\/\/stampcurio.com\/hu\/wp-json\/wp\/v2\/product\/15256","targetHints":{"allow":["GET"]}}],"collection":[{"href":"https:\/\/stampcurio.com\/hu\/wp-json\/wp\/v2\/product"}],"about":[{"href":"https:\/\/stampcurio.com\/hu\/wp-json\/wp\/v2\/types\/product"}],"wp:featuredmedia":[{"embeddable":true,"href":"https:\/\/stampcurio.com\/hu\/wp-json\/wp\/v2\/media\/17850"}],"wp:attachment":[{"href":"https:\/\/stampcurio.com\/hu\/wp-json\/wp\/v2\/media?parent=15256"}],"wp:term":[{"taxonomy":"product_brand","embeddable":true,"href":"https:\/\/stampcurio.com\/hu\/wp-json\/wp\/v2\/product_brand?post=15256"},{"taxonomy":"product_cat","embeddable":true,"href":"https:\/\/stampcurio.com\/hu\/wp-json\/wp\/v2\/product_cat?post=15256"},{"taxonomy":"product_tag","embeddable":true,"href":"https:\/\/stampcurio.com\/hu\/wp-json\/wp\/v2\/product_tag?post=15256"}],"curies":[{"name":"wp","href":"https:\/\/api.w.org\/{rel}","templated":true}]}}