{"id":15255,"date":"2024-11-29T18:30:06","date_gmt":"2024-11-29T17:30:06","guid":{"rendered":"https:\/\/stampcurio.com\/product\/1923-nemetorszag-elsp-infla-utanvetes-konyv-cimirata-112-ezer-marka-berment\/"},"modified":"2025-12-05T04:07:41","modified_gmt":"2025-12-05T03:07:41","slug":"1923-nemetorszag-utanvetes-konyv-cimirata-112-ezer-marka-bermentesitessel-az-elso-inflacio-idoszakabol-ritka-kuldemeny-fajta","status":"publish","type":"product","link":"https:\/\/stampcurio.com\/hu\/termek\/1923-nemetorszag-utanvetes-konyv-cimirata-112-ezer-marka-bermentesitessel-az-elso-inflacio-idoszakabol-ritka-kuldemeny-fajta\/","title":{"rendered":"1923 N\u00e9metorsz\u00e1g &#8211; ut\u00e1nv\u00e9tes k\u00f6nyv (!) c\u00edmirata 112 ezer m\u00e1rka b\u00e9rmentes\u00edt\u00e9ssel az els\u0151 infl\u00e1ci\u00f3 id\u0151szak\u00e1b\u00f3l &#8211; ritka k\u00fcldem\u00e9ny fajta"},"content":{"rendered":"","protected":false},"excerpt":{"rendered":"","protected":false},"featured_media":17711,"template":"","meta":[],"product_brand":[],"product_cat":[1175],"product_tag":[1664,116,89],"class_list":{"0":"post-15255","1":"product","2":"type-product","3":"status-publish","4":"has-post-thumbnail","6":"product_cat-nemetorszag","7":"product_tag-2nd-auction-hu","8":"product_tag-belyeg","9":"product_tag-postatortenet","11":"first","12":"outofstock","13":"sold-individually","14":"shipping-taxable","15":"product-type-simple"},"_links":{"self":[{"href":"https:\/\/stampcurio.com\/hu\/wp-json\/wp\/v2\/product\/15255","targetHints":{"allow":["GET"]}}],"collection":[{"href":"https:\/\/stampcurio.com\/hu\/wp-json\/wp\/v2\/product"}],"about":[{"href":"https:\/\/stampcurio.com\/hu\/wp-json\/wp\/v2\/types\/product"}],"wp:featuredmedia":[{"embeddable":true,"href":"https:\/\/stampcurio.com\/hu\/wp-json\/wp\/v2\/media\/17711"}],"wp:attachment":[{"href":"https:\/\/stampcurio.com\/hu\/wp-json\/wp\/v2\/media?parent=15255"}],"wp:term":[{"taxonomy":"product_brand","embeddable":true,"href":"https:\/\/stampcurio.com\/hu\/wp-json\/wp\/v2\/product_brand?post=15255"},{"taxonomy":"product_cat","embeddable":true,"href":"https:\/\/stampcurio.com\/hu\/wp-json\/wp\/v2\/product_cat?post=15255"},{"taxonomy":"product_tag","embeddable":true,"href":"https:\/\/stampcurio.com\/hu\/wp-json\/wp\/v2\/product_tag?post=15255"}],"curies":[{"name":"wp","href":"https:\/\/api.w.org\/{rel}","templated":true}]}}