{"id":15254,"date":"2024-11-29T18:30:06","date_gmt":"2024-11-29T17:30:06","guid":{"rendered":"https:\/\/stampcurio.com\/product\/1936-40-marokko-legiposta-levelek-csehszlovakiaba-es-kassara-hu-3-level\/"},"modified":"2025-12-05T04:07:40","modified_gmt":"2025-12-05T03:07:40","slug":"1936-1940-marokko-harom-legiposta-level-csehszlovakiaba-es-magyarorszagra-cimezve","status":"publish","type":"product","link":"https:\/\/stampcurio.com\/hu\/termek\/1936-1940-marokko-harom-legiposta-level-csehszlovakiaba-es-magyarorszagra-cimezve\/","title":{"rendered":"1936 &#8211; 1940 Marokk\u00f3 &#8211; h\u00e1rom l\u00e9giposta lev\u00e9l Csehszlov\u00e1ki\u00e1ba \u00e9s Magyarorsz\u00e1gra c\u00edmezve"},"content":{"rendered":"","protected":false},"excerpt":{"rendered":"","protected":false},"featured_media":17697,"template":"","meta":[],"product_brand":[],"product_cat":[1238,1172,1253,1189],"product_tag":[1664,115,89,1006],"class_list":{"0":"post-15254","1":"product","2":"type-product","3":"status-publish","4":"has-post-thumbnail","6":"product_cat-csehorszag","7":"product_cat-magyarorszag","8":"product_cat-marokko","9":"product_cat-szlovakia","10":"product_tag-2nd-auction-hu","11":"product_tag-legiposta","12":"product_tag-postatortenet","13":"product_tag-unsold","15":"first","16":"outofstock","17":"sold-individually","18":"shipping-taxable","19":"product-type-simple"},"_links":{"self":[{"href":"https:\/\/stampcurio.com\/hu\/wp-json\/wp\/v2\/product\/15254","targetHints":{"allow":["GET"]}}],"collection":[{"href":"https:\/\/stampcurio.com\/hu\/wp-json\/wp\/v2\/product"}],"about":[{"href":"https:\/\/stampcurio.com\/hu\/wp-json\/wp\/v2\/types\/product"}],"wp:featuredmedia":[{"embeddable":true,"href":"https:\/\/stampcurio.com\/hu\/wp-json\/wp\/v2\/media\/17697"}],"wp:attachment":[{"href":"https:\/\/stampcurio.com\/hu\/wp-json\/wp\/v2\/media?parent=15254"}],"wp:term":[{"taxonomy":"product_brand","embeddable":true,"href":"https:\/\/stampcurio.com\/hu\/wp-json\/wp\/v2\/product_brand?post=15254"},{"taxonomy":"product_cat","embeddable":true,"href":"https:\/\/stampcurio.com\/hu\/wp-json\/wp\/v2\/product_cat?post=15254"},{"taxonomy":"product_tag","embeddable":true,"href":"https:\/\/stampcurio.com\/hu\/wp-json\/wp\/v2\/product_tag?post=15254"}],"curies":[{"name":"wp","href":"https:\/\/api.w.org\/{rel}","templated":true}]}}