{"id":15253,"date":"2024-11-29T18:30:06","date_gmt":"2024-11-29T17:30:06","guid":{"rendered":"https:\/\/stampcurio.com\/product\/1948-szakszervezet-a-100-as-ivbol-szarmazo-ritkan-lathato-8-as-tomb-phu-24ezer\/"},"modified":"2025-12-05T04:07:40","modified_gmt":"2025-12-05T03:07:40","slug":"1948-magyarorszag-szakszervezet-postatiszta-nyolcastomb-a-ritkan-lathato-osszefugges-a-100-as-ivbol-phu-60-eur","status":"publish","type":"product","link":"https:\/\/stampcurio.com\/hu\/termek\/1948-magyarorszag-szakszervezet-postatiszta-nyolcastomb-a-ritkan-lathato-osszefugges-a-100-as-ivbol-phu-60-eur\/","title":{"rendered":"1948 Magyarorsz\u00e1g &#8211; Szakszervezet postatiszta ** nyolcast\u00f6mb, a ritk\u00e1n l\u00e1that\u00f3 \u00f6sszef\u00fcgg\u00e9s a 100-as \u00edvb\u0151l | PHu: 60 EUR"},"content":{"rendered":"","protected":false},"excerpt":{"rendered":"","protected":false},"featured_media":23786,"template":"","meta":[],"product_brand":[],"product_cat":[1172],"product_tag":[1664,116],"class_list":{"0":"post-15253","1":"product","2":"type-product","3":"status-publish","4":"has-post-thumbnail","6":"product_cat-magyarorszag","7":"product_tag-2nd-auction-hu","8":"product_tag-belyeg","10":"first","11":"outofstock","12":"sold-individually","13":"shipping-taxable","14":"product-type-simple"},"_links":{"self":[{"href":"https:\/\/stampcurio.com\/hu\/wp-json\/wp\/v2\/product\/15253","targetHints":{"allow":["GET"]}}],"collection":[{"href":"https:\/\/stampcurio.com\/hu\/wp-json\/wp\/v2\/product"}],"about":[{"href":"https:\/\/stampcurio.com\/hu\/wp-json\/wp\/v2\/types\/product"}],"wp:featuredmedia":[{"embeddable":true,"href":"https:\/\/stampcurio.com\/hu\/wp-json\/wp\/v2\/media\/23786"}],"wp:attachment":[{"href":"https:\/\/stampcurio.com\/hu\/wp-json\/wp\/v2\/media?parent=15253"}],"wp:term":[{"taxonomy":"product_brand","embeddable":true,"href":"https:\/\/stampcurio.com\/hu\/wp-json\/wp\/v2\/product_brand?post=15253"},{"taxonomy":"product_cat","embeddable":true,"href":"https:\/\/stampcurio.com\/hu\/wp-json\/wp\/v2\/product_cat?post=15253"},{"taxonomy":"product_tag","embeddable":true,"href":"https:\/\/stampcurio.com\/hu\/wp-json\/wp\/v2\/product_tag?post=15253"}],"curies":[{"name":"wp","href":"https:\/\/api.w.org\/{rel}","templated":true}]}}