{"id":15252,"date":"2024-11-29T18:30:05","date_gmt":"2024-11-29T17:30:05","guid":{"rendered":"https:\/\/stampcurio.com\/product\/1910-aiutatki-cook-szigetek-regiszered-level-angliaba-kuldve\/"},"modified":"2025-12-05T04:07:41","modified_gmt":"2025-12-05T03:07:41","slug":"1910-cook-szigetek-aiutatki-ajanlott-level-angliaba-kuldve-rajta-tevnyomatos-1sh-belyeggel","status":"publish","type":"product","link":"https:\/\/stampcurio.com\/hu\/termek\/1910-cook-szigetek-aiutatki-ajanlott-level-angliaba-kuldve-rajta-tevnyomatos-1sh-belyeggel\/","title":{"rendered":"1910 Cook-szigetek &#8211; Aiutatki aj\u00e1nlott lev\u00e9l Angli\u00e1ba k\u00fcldve, rajta t\u00e9vnyomatos 1Sh b\u00e9lyeggel"},"content":{"rendered":"","protected":false},"excerpt":{"rendered":"","protected":false},"featured_media":17839,"template":"","meta":[],"product_brand":[],"product_cat":[1186,1252],"product_tag":[1664,116,89,217],"class_list":{"0":"post-15252","1":"product","2":"type-product","3":"status-publish","4":"has-post-thumbnail","6":"product_cat-brit-birodalom","7":"product_cat-cook-szigetek","8":"product_tag-2nd-auction-hu","9":"product_tag-belyeg","10":"product_tag-postatortenet","11":"product_tag-tevnyomat","13":"first","14":"outofstock","15":"sold-individually","16":"shipping-taxable","17":"product-type-simple"},"_links":{"self":[{"href":"https:\/\/stampcurio.com\/hu\/wp-json\/wp\/v2\/product\/15252","targetHints":{"allow":["GET"]}}],"collection":[{"href":"https:\/\/stampcurio.com\/hu\/wp-json\/wp\/v2\/product"}],"about":[{"href":"https:\/\/stampcurio.com\/hu\/wp-json\/wp\/v2\/types\/product"}],"wp:featuredmedia":[{"embeddable":true,"href":"https:\/\/stampcurio.com\/hu\/wp-json\/wp\/v2\/media\/17839"}],"wp:attachment":[{"href":"https:\/\/stampcurio.com\/hu\/wp-json\/wp\/v2\/media?parent=15252"}],"wp:term":[{"taxonomy":"product_brand","embeddable":true,"href":"https:\/\/stampcurio.com\/hu\/wp-json\/wp\/v2\/product_brand?post=15252"},{"taxonomy":"product_cat","embeddable":true,"href":"https:\/\/stampcurio.com\/hu\/wp-json\/wp\/v2\/product_cat?post=15252"},{"taxonomy":"product_tag","embeddable":true,"href":"https:\/\/stampcurio.com\/hu\/wp-json\/wp\/v2\/product_tag?post=15252"}],"curies":[{"name":"wp","href":"https:\/\/api.w.org\/{rel}","templated":true}]}}