{"id":15251,"date":"2024-11-29T18:30:05","date_gmt":"2024-11-29T17:30:05","guid":{"rendered":"https:\/\/stampcurio.com\/product\/1931-franciaorszagbol-budapestre-kuldott-szallitolevel-20-kg-csomag-magas-54-frank-50-cen-t-bermentesitessel\/"},"modified":"2025-12-05T04:07:41","modified_gmt":"2025-12-05T03:07:41","slug":"1931-franciaorszag-budapestre-kuldott-20-kg-csomaghoz-tartozo-szallitolevel-magas-54-frank-50-cent-bermentesitessel","status":"publish","type":"product","link":"https:\/\/stampcurio.com\/hu\/termek\/1931-franciaorszag-budapestre-kuldott-20-kg-csomaghoz-tartozo-szallitolevel-magas-54-frank-50-cent-bermentesitessel\/","title":{"rendered":"1931 Franciaorsz\u00e1g &#8211; Budapestre k\u00fcld\u00f6tt 20 kg csomaghoz tartoz\u00f3 sz\u00e1ll\u00edt\u00f3lev\u00e9l magas, 54 frank 50 cent b\u00e9rmentes\u00edt\u00e9ssel"},"content":{"rendered":"","protected":false},"excerpt":{"rendered":"","protected":false},"featured_media":17741,"template":"","meta":[],"product_brand":[],"product_cat":[1181,1172],"product_tag":[1664,116,89,157,1006],"class_list":{"0":"post-15251","1":"product","2":"type-product","3":"status-publish","4":"has-post-thumbnail","6":"product_cat-franciaorszag","7":"product_cat-magyarorszag","8":"product_tag-2nd-auction-hu","9":"product_tag-belyeg","10":"product_tag-postatortenet","11":"product_tag-szallitolevel","12":"product_tag-unsold","14":"first","15":"outofstock","16":"sold-individually","17":"shipping-taxable","18":"product-type-simple"},"_links":{"self":[{"href":"https:\/\/stampcurio.com\/hu\/wp-json\/wp\/v2\/product\/15251","targetHints":{"allow":["GET"]}}],"collection":[{"href":"https:\/\/stampcurio.com\/hu\/wp-json\/wp\/v2\/product"}],"about":[{"href":"https:\/\/stampcurio.com\/hu\/wp-json\/wp\/v2\/types\/product"}],"wp:featuredmedia":[{"embeddable":true,"href":"https:\/\/stampcurio.com\/hu\/wp-json\/wp\/v2\/media\/17741"}],"wp:attachment":[{"href":"https:\/\/stampcurio.com\/hu\/wp-json\/wp\/v2\/media?parent=15251"}],"wp:term":[{"taxonomy":"product_brand","embeddable":true,"href":"https:\/\/stampcurio.com\/hu\/wp-json\/wp\/v2\/product_brand?post=15251"},{"taxonomy":"product_cat","embeddable":true,"href":"https:\/\/stampcurio.com\/hu\/wp-json\/wp\/v2\/product_cat?post=15251"},{"taxonomy":"product_tag","embeddable":true,"href":"https:\/\/stampcurio.com\/hu\/wp-json\/wp\/v2\/product_tag?post=15251"}],"curies":[{"name":"wp","href":"https:\/\/api.w.org\/{rel}","templated":true}]}}