{"id":15250,"date":"2024-11-29T18:30:05","date_gmt":"2024-11-29T17:30:05","guid":{"rendered":"https:\/\/stampcurio.com\/product\/1920-lichtentstein-2x8-heller-25-helleres-leveel-utobbi-viseltes-allapotban\/"},"modified":"2025-12-05T04:07:41","modified_gmt":"2025-12-05T03:07:41","slug":"1920-lichtentstein-harom-viseletes-kulonfele-kuldemeny","status":"publish","type":"product","link":"https:\/\/stampcurio.com\/hu\/termek\/1920-lichtentstein-harom-viseletes-kulonfele-kuldemeny\/","title":{"rendered":"1920 Lichtentstein &#8211; h\u00e1rom viseletes k\u00fcl\u00f6nf\u00e9le k\u00fcldem\u00e9ny"},"content":{"rendered":"","protected":false},"excerpt":{"rendered":"","protected":false},"featured_media":17856,"template":"","meta":[],"product_brand":[],"product_cat":[1249],"product_tag":[1664,116,89,1006],"class_list":{"0":"post-15250","1":"product","2":"type-product","3":"status-publish","4":"has-post-thumbnail","6":"product_cat-liechtenstein","7":"product_tag-2nd-auction-hu","8":"product_tag-belyeg","9":"product_tag-postatortenet","10":"product_tag-unsold","12":"first","13":"outofstock","14":"sold-individually","15":"shipping-taxable","16":"product-type-simple"},"_links":{"self":[{"href":"https:\/\/stampcurio.com\/hu\/wp-json\/wp\/v2\/product\/15250","targetHints":{"allow":["GET"]}}],"collection":[{"href":"https:\/\/stampcurio.com\/hu\/wp-json\/wp\/v2\/product"}],"about":[{"href":"https:\/\/stampcurio.com\/hu\/wp-json\/wp\/v2\/types\/product"}],"wp:featuredmedia":[{"embeddable":true,"href":"https:\/\/stampcurio.com\/hu\/wp-json\/wp\/v2\/media\/17856"}],"wp:attachment":[{"href":"https:\/\/stampcurio.com\/hu\/wp-json\/wp\/v2\/media?parent=15250"}],"wp:term":[{"taxonomy":"product_brand","embeddable":true,"href":"https:\/\/stampcurio.com\/hu\/wp-json\/wp\/v2\/product_brand?post=15250"},{"taxonomy":"product_cat","embeddable":true,"href":"https:\/\/stampcurio.com\/hu\/wp-json\/wp\/v2\/product_cat?post=15250"},{"taxonomy":"product_tag","embeddable":true,"href":"https:\/\/stampcurio.com\/hu\/wp-json\/wp\/v2\/product_tag?post=15250"}],"curies":[{"name":"wp","href":"https:\/\/api.w.org\/{rel}","templated":true}]}}