{"id":15249,"date":"2024-11-29T18:30:02","date_gmt":"2024-11-29T17:30:02","guid":{"rendered":"https:\/\/stampcurio.com\/product\/csomagszallito-1946-feb-7-patka-kisegito-gumibelyegzovel-feladva\/"},"modified":"2025-12-05T04:07:42","modified_gmt":"2025-12-05T03:07:42","slug":"1946-magyarorszag-februar-7-en-patka-kisegito-gumibelyegzovel-feladott-szallitolevel-10-kg-csomagrol-15-ezer-pengo-bermentesitessel","status":"publish","type":"product","link":"https:\/\/stampcurio.com\/hu\/termek\/1946-magyarorszag-februar-7-en-patka-kisegito-gumibelyegzovel-feladott-szallitolevel-10-kg-csomagrol-15-ezer-pengo-bermentesitessel\/","title":{"rendered":"1946 Magyarorsz\u00e1g &#8211; Febru\u00e1r 7-\u00e9n P\u00c1TKA kiseg\u00edt\u0151 gumib\u00e9lyegz\u0151vel feladott sz\u00e1ll\u00edt\u00f3lev\u00e9l 10 kg csomagr\u00f3l 15 ezer peng\u0151 b\u00e9rmentes\u00edt\u00e9ssel"},"content":{"rendered":"","protected":false},"excerpt":{"rendered":"","protected":false},"featured_media":17874,"template":"","meta":[],"product_brand":[],"product_cat":[1172],"product_tag":[1664,1041,89,256,157,1006],"class_list":{"0":"post-15249","1":"product","2":"type-product","3":"status-publish","4":"has-post-thumbnail","6":"product_cat-magyarorszag","7":"product_tag-2nd-auction-hu","8":"product_tag-marcophily-hu","9":"product_tag-postatortenet","10":"product_tag-provizorium","11":"product_tag-szallitolevel","12":"product_tag-unsold","14":"first","15":"outofstock","16":"sold-individually","17":"shipping-taxable","18":"product-type-simple"},"_links":{"self":[{"href":"https:\/\/stampcurio.com\/hu\/wp-json\/wp\/v2\/product\/15249","targetHints":{"allow":["GET"]}}],"collection":[{"href":"https:\/\/stampcurio.com\/hu\/wp-json\/wp\/v2\/product"}],"about":[{"href":"https:\/\/stampcurio.com\/hu\/wp-json\/wp\/v2\/types\/product"}],"wp:featuredmedia":[{"embeddable":true,"href":"https:\/\/stampcurio.com\/hu\/wp-json\/wp\/v2\/media\/17874"}],"wp:attachment":[{"href":"https:\/\/stampcurio.com\/hu\/wp-json\/wp\/v2\/media?parent=15249"}],"wp:term":[{"taxonomy":"product_brand","embeddable":true,"href":"https:\/\/stampcurio.com\/hu\/wp-json\/wp\/v2\/product_brand?post=15249"},{"taxonomy":"product_cat","embeddable":true,"href":"https:\/\/stampcurio.com\/hu\/wp-json\/wp\/v2\/product_cat?post=15249"},{"taxonomy":"product_tag","embeddable":true,"href":"https:\/\/stampcurio.com\/hu\/wp-json\/wp\/v2\/product_tag?post=15249"}],"curies":[{"name":"wp","href":"https:\/\/api.w.org\/{rel}","templated":true}]}}