{"id":15248,"date":"2024-11-29T18:30:02","date_gmt":"2024-11-29T17:30:02","guid":{"rendered":"https:\/\/stampcurio.com\/product\/1920-szeged-helyi-okmanybelyeg-sor-10-korona-komplett-5-os-csik-40-korona-komplett-5-os-20-korona-a-legnagyobb-lehetseges-osszefugges-az-otoscsik\/"},"modified":"2025-12-05T04:07:42","modified_gmt":"2025-12-05T03:07:42","slug":"1920-szeged-helyi-okmanybelyeg-sor-10-es-40-korona-komplett-otos-csik-20-korona-negyes-csik-phu-225-eur","status":"publish","type":"product","link":"https:\/\/stampcurio.com\/hu\/termek\/1920-szeged-helyi-okmanybelyeg-sor-10-es-40-korona-komplett-otos-csik-20-korona-negyes-csik-phu-225-eur\/","title":{"rendered":"1920 Szeged &#8211; Helyi okm\u00e1nyb\u00e9lyeg sor 10 \u00e9s 40 korona komplett \u00f6t\u00f6s cs\u00edk + 20 korona n\u00e9gyes cs\u00edk | PHu: 225 EUR"},"content":{"rendered":"","protected":false},"excerpt":{"rendered":"<p>A legnagyobb lehets\u00e9ges \u00f6sszef\u00fcgg\u00e9s az \u00f6t\u00f6s cs\u00edk!<\/p>\n","protected":false},"featured_media":17783,"template":"","meta":[],"product_brand":[],"product_cat":[1172],"product_tag":[1664,282],"class_list":{"0":"post-15248","1":"product","2":"type-product","3":"status-publish","4":"has-post-thumbnail","6":"product_cat-magyarorszag","7":"product_tag-2nd-auction-hu","8":"product_tag-okmanybelyeg","10":"first","11":"outofstock","12":"sold-individually","13":"shipping-taxable","14":"product-type-simple"},"_links":{"self":[{"href":"https:\/\/stampcurio.com\/hu\/wp-json\/wp\/v2\/product\/15248","targetHints":{"allow":["GET"]}}],"collection":[{"href":"https:\/\/stampcurio.com\/hu\/wp-json\/wp\/v2\/product"}],"about":[{"href":"https:\/\/stampcurio.com\/hu\/wp-json\/wp\/v2\/types\/product"}],"wp:featuredmedia":[{"embeddable":true,"href":"https:\/\/stampcurio.com\/hu\/wp-json\/wp\/v2\/media\/17783"}],"wp:attachment":[{"href":"https:\/\/stampcurio.com\/hu\/wp-json\/wp\/v2\/media?parent=15248"}],"wp:term":[{"taxonomy":"product_brand","embeddable":true,"href":"https:\/\/stampcurio.com\/hu\/wp-json\/wp\/v2\/product_brand?post=15248"},{"taxonomy":"product_cat","embeddable":true,"href":"https:\/\/stampcurio.com\/hu\/wp-json\/wp\/v2\/product_cat?post=15248"},{"taxonomy":"product_tag","embeddable":true,"href":"https:\/\/stampcurio.com\/hu\/wp-json\/wp\/v2\/product_tag?post=15248"}],"curies":[{"name":"wp","href":"https:\/\/api.w.org\/{rel}","templated":true}]}}