{"id":15247,"date":"2024-11-29T18:30:02","date_gmt":"2024-11-29T17:30:02","guid":{"rendered":"https:\/\/stampcurio.com\/product\/1962-andorra-122-cukorraketa-mr-gerhard-zucker-szamara-kuldve-szignalva-valaki-altal\/"},"modified":"2025-12-05T04:07:42","modified_gmt":"2025-12-05T03:07:42","slug":"1962-andorra-122-zucker-rocket-mr-gerhard-zucker-altal-szignalva-es-feladva","status":"publish","type":"product","link":"https:\/\/stampcurio.com\/hu\/termek\/1962-andorra-122-zucker-rocket-mr-gerhard-zucker-altal-szignalva-es-feladva\/","title":{"rendered":"1962 Andorra &#8211; 122. Zucker-Rocket Mr. Gerhard Zucker \u00e1ltal szign\u00e1lva \u00e9s feladva"},"content":{"rendered":"","protected":false},"excerpt":{"rendered":"<p>A Zucker-rak\u00e9t\u00e1r\u00f3l b\u0151vebben: http:\/\/www.astronautix.com\/z\/zuckerrocket.html<\/p>\n","protected":false},"featured_media":17757,"template":"","meta":[],"product_brand":[],"product_cat":[1251],"product_tag":[1664,115,89,1006],"class_list":{"0":"post-15247","1":"product","2":"type-product","3":"status-publish","4":"has-post-thumbnail","6":"product_cat-andorra","7":"product_tag-2nd-auction-hu","8":"product_tag-legiposta","9":"product_tag-postatortenet","10":"product_tag-unsold","12":"first","13":"outofstock","14":"sold-individually","15":"shipping-taxable","16":"product-type-simple"},"_links":{"self":[{"href":"https:\/\/stampcurio.com\/hu\/wp-json\/wp\/v2\/product\/15247","targetHints":{"allow":["GET"]}}],"collection":[{"href":"https:\/\/stampcurio.com\/hu\/wp-json\/wp\/v2\/product"}],"about":[{"href":"https:\/\/stampcurio.com\/hu\/wp-json\/wp\/v2\/types\/product"}],"wp:featuredmedia":[{"embeddable":true,"href":"https:\/\/stampcurio.com\/hu\/wp-json\/wp\/v2\/media\/17757"}],"wp:attachment":[{"href":"https:\/\/stampcurio.com\/hu\/wp-json\/wp\/v2\/media?parent=15247"}],"wp:term":[{"taxonomy":"product_brand","embeddable":true,"href":"https:\/\/stampcurio.com\/hu\/wp-json\/wp\/v2\/product_brand?post=15247"},{"taxonomy":"product_cat","embeddable":true,"href":"https:\/\/stampcurio.com\/hu\/wp-json\/wp\/v2\/product_cat?post=15247"},{"taxonomy":"product_tag","embeddable":true,"href":"https:\/\/stampcurio.com\/hu\/wp-json\/wp\/v2\/product_tag?post=15247"}],"curies":[{"name":"wp","href":"https:\/\/api.w.org\/{rel}","templated":true}]}}