{"id":15246,"date":"2024-11-29T18:30:01","date_gmt":"2024-11-29T17:30:01","guid":{"rendered":"https:\/\/stampcurio.com\/product\/1908-nagyszeben-perzsiaba-kuldott-nyomtatvany-turul-23-fillerrel-erkezesi-belyegzovel\/"},"modified":"2025-12-05T04:07:44","modified_gmt":"2025-12-05T03:07:44","slug":"1908-magyarorszag-nagyszebenbol-perzsiaba-kuldott-nyomtatvany-turul-2-3-fillerrel-bermentesitve-perzsa-erkezesi-belyegzovel","status":"publish","type":"product","link":"https:\/\/stampcurio.com\/hu\/termek\/1908-magyarorszag-nagyszebenbol-perzsiaba-kuldott-nyomtatvany-turul-2-3-fillerrel-bermentesitve-perzsa-erkezesi-belyegzovel\/","title":{"rendered":"1908 Magyarorsz\u00e1g &#8211; Nagyszebenb\u0151l Perzsi\u00e1ba k\u00fcld\u00f6tt nyomtatv\u00e1ny turul 2 + 3 fill\u00e9rrel b\u00e9rmentes\u00edtve, perzsa \u00e9rkez\u00e9si b\u00e9lyegz\u0151vel"},"content":{"rendered":"","protected":false},"excerpt":{"rendered":"","protected":false},"featured_media":17735,"template":"","meta":[],"product_brand":[],"product_cat":[1193,1172,1208],"product_tag":[1664,116,97,89],"class_list":{"0":"post-15246","1":"product","2":"type-product","3":"status-publish","4":"has-post-thumbnail","6":"product_cat-iran","7":"product_cat-magyarorszag","8":"product_cat-romania","9":"product_tag-2nd-auction-hu","10":"product_tag-belyeg","11":"product_tag-kepeslap","12":"product_tag-postatortenet","14":"first","15":"outofstock","16":"sold-individually","17":"shipping-taxable","18":"product-type-simple"},"_links":{"self":[{"href":"https:\/\/stampcurio.com\/hu\/wp-json\/wp\/v2\/product\/15246","targetHints":{"allow":["GET"]}}],"collection":[{"href":"https:\/\/stampcurio.com\/hu\/wp-json\/wp\/v2\/product"}],"about":[{"href":"https:\/\/stampcurio.com\/hu\/wp-json\/wp\/v2\/types\/product"}],"wp:featuredmedia":[{"embeddable":true,"href":"https:\/\/stampcurio.com\/hu\/wp-json\/wp\/v2\/media\/17735"}],"wp:attachment":[{"href":"https:\/\/stampcurio.com\/hu\/wp-json\/wp\/v2\/media?parent=15246"}],"wp:term":[{"taxonomy":"product_brand","embeddable":true,"href":"https:\/\/stampcurio.com\/hu\/wp-json\/wp\/v2\/product_brand?post=15246"},{"taxonomy":"product_cat","embeddable":true,"href":"https:\/\/stampcurio.com\/hu\/wp-json\/wp\/v2\/product_cat?post=15246"},{"taxonomy":"product_tag","embeddable":true,"href":"https:\/\/stampcurio.com\/hu\/wp-json\/wp\/v2\/product_tag?post=15246"}],"curies":[{"name":"wp","href":"https:\/\/api.w.org\/{rel}","templated":true}]}}