{"id":15245,"date":"2024-11-29T18:30:01","date_gmt":"2024-11-29T17:30:01","guid":{"rendered":"https:\/\/stampcurio.com\/product\/1873-5kr-dijjegyes-boritek-reznyomat-10-kr-kiegeszitsesel-ajanlott-satoraljaujhely-debrecen\/"},"modified":"2025-12-05T04:07:43","modified_gmt":"2025-12-05T03:07:43","slug":"1873-magyarorszag-5-kr-dijjegyes-boritek-10-kr-reznyomat-kiegeszitessel-ajanlott-level-satoraljaujhely-debrecen","status":"publish","type":"product","link":"https:\/\/stampcurio.com\/hu\/termek\/1873-magyarorszag-5-kr-dijjegyes-boritek-10-kr-reznyomat-kiegeszitessel-ajanlott-level-satoraljaujhely-debrecen\/","title":{"rendered":"1873 Magyarorsz\u00e1g &#8211; 5 kr d\u00edjjegyes bor\u00edt\u00e9k 10 kr r\u00e9znyomat kieg\u00e9sz\u00edt\u00e9ssel, aj\u00e1nlott lev\u00e9l S\u00e1toralja\u00fajhely &#8211; Debrecen"},"content":{"rendered":"","protected":false},"excerpt":{"rendered":"","protected":false},"featured_media":17880,"template":"","meta":[],"product_brand":[],"product_cat":[1172],"product_tag":[1664,116,74,89,1006],"class_list":{"0":"post-15245","1":"product","2":"type-product","3":"status-publish","4":"has-post-thumbnail","6":"product_cat-magyarorszag","7":"product_tag-2nd-auction-hu","8":"product_tag-belyeg","9":"product_tag-dijjegyes","10":"product_tag-postatortenet","11":"product_tag-unsold","13":"first","14":"outofstock","15":"sold-individually","16":"shipping-taxable","17":"product-type-simple"},"_links":{"self":[{"href":"https:\/\/stampcurio.com\/hu\/wp-json\/wp\/v2\/product\/15245","targetHints":{"allow":["GET"]}}],"collection":[{"href":"https:\/\/stampcurio.com\/hu\/wp-json\/wp\/v2\/product"}],"about":[{"href":"https:\/\/stampcurio.com\/hu\/wp-json\/wp\/v2\/types\/product"}],"wp:featuredmedia":[{"embeddable":true,"href":"https:\/\/stampcurio.com\/hu\/wp-json\/wp\/v2\/media\/17880"}],"wp:attachment":[{"href":"https:\/\/stampcurio.com\/hu\/wp-json\/wp\/v2\/media?parent=15245"}],"wp:term":[{"taxonomy":"product_brand","embeddable":true,"href":"https:\/\/stampcurio.com\/hu\/wp-json\/wp\/v2\/product_brand?post=15245"},{"taxonomy":"product_cat","embeddable":true,"href":"https:\/\/stampcurio.com\/hu\/wp-json\/wp\/v2\/product_cat?post=15245"},{"taxonomy":"product_tag","embeddable":true,"href":"https:\/\/stampcurio.com\/hu\/wp-json\/wp\/v2\/product_tag?post=15245"}],"curies":[{"name":"wp","href":"https:\/\/api.w.org\/{rel}","templated":true}]}}