{"id":15244,"date":"2024-11-29T18:30:01","date_gmt":"2024-11-29T17:30:01","guid":{"rendered":"https:\/\/stampcurio.com\/product\/1955-bartok-1-ft-fuggoleges-nyomathiannyal\/"},"modified":"2025-12-05T04:07:43","modified_gmt":"2025-12-05T03:07:43","slug":"1955-magyarorszag-bartok-1-ft-fuggoleges-nyomathiannyal","status":"publish","type":"product","link":"https:\/\/stampcurio.com\/hu\/termek\/1955-magyarorszag-bartok-1-ft-fuggoleges-nyomathiannyal\/","title":{"rendered":"1955 Magyarorsz\u00e1g &#8211; Bart\u00f3k 1 Ft f\u00fcgg\u0151leges nyomathi\u00e1nnyal"},"content":{"rendered":"","protected":false},"excerpt":{"rendered":"","protected":false},"featured_media":16884,"template":"","meta":[],"product_brand":[],"product_cat":[1172],"product_tag":[1664,116,217,1006],"class_list":{"0":"post-15244","1":"product","2":"type-product","3":"status-publish","4":"has-post-thumbnail","6":"product_cat-magyarorszag","7":"product_tag-2nd-auction-hu","8":"product_tag-belyeg","9":"product_tag-tevnyomat","10":"product_tag-unsold","12":"first","13":"outofstock","14":"sold-individually","15":"shipping-taxable","16":"product-type-simple"},"_links":{"self":[{"href":"https:\/\/stampcurio.com\/hu\/wp-json\/wp\/v2\/product\/15244","targetHints":{"allow":["GET"]}}],"collection":[{"href":"https:\/\/stampcurio.com\/hu\/wp-json\/wp\/v2\/product"}],"about":[{"href":"https:\/\/stampcurio.com\/hu\/wp-json\/wp\/v2\/types\/product"}],"wp:featuredmedia":[{"embeddable":true,"href":"https:\/\/stampcurio.com\/hu\/wp-json\/wp\/v2\/media\/16884"}],"wp:attachment":[{"href":"https:\/\/stampcurio.com\/hu\/wp-json\/wp\/v2\/media?parent=15244"}],"wp:term":[{"taxonomy":"product_brand","embeddable":true,"href":"https:\/\/stampcurio.com\/hu\/wp-json\/wp\/v2\/product_brand?post=15244"},{"taxonomy":"product_cat","embeddable":true,"href":"https:\/\/stampcurio.com\/hu\/wp-json\/wp\/v2\/product_cat?post=15244"},{"taxonomy":"product_tag","embeddable":true,"href":"https:\/\/stampcurio.com\/hu\/wp-json\/wp\/v2\/product_tag?post=15244"}],"curies":[{"name":"wp","href":"https:\/\/api.w.org\/{rel}","templated":true}]}}