{"id":15243,"date":"2024-11-29T18:30:01","date_gmt":"2024-11-29T17:30:01","guid":{"rendered":"https:\/\/stampcurio.com\/product\/1867-ausztria-15-kr-grober-druck-maschineabklatsch\/"},"modified":"2025-12-05T04:07:43","modified_gmt":"2025-12-05T03:07:43","slug":"1867-ausztria-15-kr-belyeg-durvanyomas-grober-druck-gepszinatnyomat-ferchenbauer-150-eur","status":"publish","type":"product","link":"https:\/\/stampcurio.com\/hu\/termek\/1867-ausztria-15-kr-belyeg-durvanyomas-grober-druck-gepszinatnyomat-ferchenbauer-150-eur\/","title":{"rendered":"1867 Ausztria &#8211; 15 kr b\u00e9lyeg durvanyom\u00e1s (grober Druck), g\u00e9psz\u00edn\u00e1tnyomat | Ferchenbauer: 150 EUR"},"content":{"rendered":"","protected":false},"excerpt":{"rendered":"","protected":false},"featured_media":16791,"template":"","meta":[],"product_brand":[],"product_cat":[1178],"product_tag":[1664,116,217,1006],"class_list":{"0":"post-15243","1":"product","2":"type-product","3":"status-publish","4":"has-post-thumbnail","6":"product_cat-ausztria","7":"product_tag-2nd-auction-hu","8":"product_tag-belyeg","9":"product_tag-tevnyomat","10":"product_tag-unsold","12":"first","13":"outofstock","14":"sold-individually","15":"shipping-taxable","16":"product-type-simple"},"_links":{"self":[{"href":"https:\/\/stampcurio.com\/hu\/wp-json\/wp\/v2\/product\/15243","targetHints":{"allow":["GET"]}}],"collection":[{"href":"https:\/\/stampcurio.com\/hu\/wp-json\/wp\/v2\/product"}],"about":[{"href":"https:\/\/stampcurio.com\/hu\/wp-json\/wp\/v2\/types\/product"}],"wp:featuredmedia":[{"embeddable":true,"href":"https:\/\/stampcurio.com\/hu\/wp-json\/wp\/v2\/media\/16791"}],"wp:attachment":[{"href":"https:\/\/stampcurio.com\/hu\/wp-json\/wp\/v2\/media?parent=15243"}],"wp:term":[{"taxonomy":"product_brand","embeddable":true,"href":"https:\/\/stampcurio.com\/hu\/wp-json\/wp\/v2\/product_brand?post=15243"},{"taxonomy":"product_cat","embeddable":true,"href":"https:\/\/stampcurio.com\/hu\/wp-json\/wp\/v2\/product_cat?post=15243"},{"taxonomy":"product_tag","embeddable":true,"href":"https:\/\/stampcurio.com\/hu\/wp-json\/wp\/v2\/product_tag?post=15243"}],"curies":[{"name":"wp","href":"https:\/\/api.w.org\/{rel}","templated":true}]}}