{"id":15242,"date":"2024-11-29T18:30:00","date_gmt":"2024-11-29T17:30:00","guid":{"rendered":"https:\/\/stampcurio.com\/product\/1962-belyegnap-nyolcascsik-probanyomat-a-hatoldalon-a-keret-probanyomataval\/"},"modified":"2025-12-05T04:07:44","modified_gmt":"2025-12-05T03:07:44","slug":"1962-magyarorszag-belyegnap-nyolcascsik-probanyomat-a-hatoldalon-a-keret-probanyomataval-az-egyetlen-ismert-kisiv-kozepso-resze","status":"publish","type":"product","link":"https:\/\/stampcurio.com\/hu\/termek\/1962-magyarorszag-belyegnap-nyolcascsik-probanyomat-a-hatoldalon-a-keret-probanyomataval-az-egyetlen-ismert-kisiv-kozepso-resze\/","title":{"rendered":"1962 Magyarorsz\u00e1g &#8211; B\u00e9lyegnap nyolcascs\u00edk pr\u00f3banyomat, a h\u00e1toldalon a keret pr\u00f3banyomat\u00e1val &#8211; az egyetlen ismert kis\u00edv k\u00f6z\u00e9ps\u0151 r\u00e9sze"},"content":{"rendered":"","protected":false},"excerpt":{"rendered":"","protected":false},"featured_media":16518,"template":"","meta":[],"product_brand":[],"product_cat":[1172],"product_tag":[1664,116,390,1006],"class_list":{"0":"post-15242","1":"product","2":"type-product","3":"status-publish","4":"has-post-thumbnail","6":"product_cat-magyarorszag","7":"product_tag-2nd-auction-hu","8":"product_tag-belyeg","9":"product_tag-probanyomat","10":"product_tag-unsold","12":"first","13":"outofstock","14":"sold-individually","15":"shipping-taxable","16":"product-type-simple"},"_links":{"self":[{"href":"https:\/\/stampcurio.com\/hu\/wp-json\/wp\/v2\/product\/15242","targetHints":{"allow":["GET"]}}],"collection":[{"href":"https:\/\/stampcurio.com\/hu\/wp-json\/wp\/v2\/product"}],"about":[{"href":"https:\/\/stampcurio.com\/hu\/wp-json\/wp\/v2\/types\/product"}],"wp:featuredmedia":[{"embeddable":true,"href":"https:\/\/stampcurio.com\/hu\/wp-json\/wp\/v2\/media\/16518"}],"wp:attachment":[{"href":"https:\/\/stampcurio.com\/hu\/wp-json\/wp\/v2\/media?parent=15242"}],"wp:term":[{"taxonomy":"product_brand","embeddable":true,"href":"https:\/\/stampcurio.com\/hu\/wp-json\/wp\/v2\/product_brand?post=15242"},{"taxonomy":"product_cat","embeddable":true,"href":"https:\/\/stampcurio.com\/hu\/wp-json\/wp\/v2\/product_cat?post=15242"},{"taxonomy":"product_tag","embeddable":true,"href":"https:\/\/stampcurio.com\/hu\/wp-json\/wp\/v2\/product_tag?post=15242"}],"curies":[{"name":"wp","href":"https:\/\/api.w.org\/{rel}","templated":true}]}}