{"id":15241,"date":"2024-11-29T18:30:00","date_gmt":"2024-11-29T17:30:00","guid":{"rendered":"https:\/\/stampcurio.com\/product\/1955-munka-sorral-bermentesitett-fdc-teheranba-iranba\/"},"modified":"2025-12-05T04:07:44","modified_gmt":"2025-12-05T03:07:44","slug":"1955-magyarorszag-munka-sorral-bermentesitett-fdc-teheranba-iran-kuldve","status":"publish","type":"product","link":"https:\/\/stampcurio.com\/hu\/termek\/1955-magyarorszag-munka-sorral-bermentesitett-fdc-teheranba-iran-kuldve\/","title":{"rendered":"1955 Magyarorsz\u00e1g &#8211; Munka sorral b\u00e9rmentes\u00edtett FDC Teher\u00e1nba (Ir\u00e1n) k\u00fcldve"},"content":{"rendered":"","protected":false},"excerpt":{"rendered":"","protected":false},"featured_media":19465,"template":"","meta":[],"product_brand":[],"product_cat":[1193,1172],"product_tag":[1664,116,100,89],"class_list":{"0":"post-15241","1":"product","2":"type-product","3":"status-publish","4":"has-post-thumbnail","6":"product_cat-iran","7":"product_cat-magyarorszag","8":"product_tag-2nd-auction-hu","9":"product_tag-belyeg","10":"product_tag-fdc","11":"product_tag-postatortenet","13":"first","14":"outofstock","15":"sold-individually","16":"shipping-taxable","17":"product-type-simple"},"_links":{"self":[{"href":"https:\/\/stampcurio.com\/hu\/wp-json\/wp\/v2\/product\/15241","targetHints":{"allow":["GET"]}}],"collection":[{"href":"https:\/\/stampcurio.com\/hu\/wp-json\/wp\/v2\/product"}],"about":[{"href":"https:\/\/stampcurio.com\/hu\/wp-json\/wp\/v2\/types\/product"}],"wp:featuredmedia":[{"embeddable":true,"href":"https:\/\/stampcurio.com\/hu\/wp-json\/wp\/v2\/media\/19465"}],"wp:attachment":[{"href":"https:\/\/stampcurio.com\/hu\/wp-json\/wp\/v2\/media?parent=15241"}],"wp:term":[{"taxonomy":"product_brand","embeddable":true,"href":"https:\/\/stampcurio.com\/hu\/wp-json\/wp\/v2\/product_brand?post=15241"},{"taxonomy":"product_cat","embeddable":true,"href":"https:\/\/stampcurio.com\/hu\/wp-json\/wp\/v2\/product_cat?post=15241"},{"taxonomy":"product_tag","embeddable":true,"href":"https:\/\/stampcurio.com\/hu\/wp-json\/wp\/v2\/product_tag?post=15241"}],"curies":[{"name":"wp","href":"https:\/\/api.w.org\/{rel}","templated":true}]}}