{"id":15240,"date":"2024-11-29T18:30:00","date_gmt":"2024-11-29T17:30:00","guid":{"rendered":"https:\/\/stampcurio.com\/product\/ferencjozseffold-1874-haromszogletu-sor-evszam-xxx-pt\/"},"modified":"2025-12-05T04:07:44","modified_gmt":"2025-12-05T03:07:44","slug":"1874-ferenc-jozsef-fold-a-haromszogletu-postatiszta-sor","status":"publish","type":"product","link":"https:\/\/stampcurio.com\/hu\/termek\/1874-ferenc-jozsef-fold-a-haromszogletu-postatiszta-sor\/","title":{"rendered":"1874 Ferenc J\u00f3zsef-f\u00f6ld a h\u00e1romsz\u00f6glet\u0171 postatiszta ** sor"},"content":{"rendered":"","protected":false},"excerpt":{"rendered":"","protected":false},"featured_media":16615,"template":"","meta":[],"product_brand":[],"product_cat":[1178,1172],"product_tag":[1664,116,1241,288],"class_list":{"0":"post-15240","1":"product","2":"type-product","3":"status-publish","4":"has-post-thumbnail","6":"product_cat-ausztria","7":"product_cat-magyarorszag","8":"product_tag-2nd-auction-hu","9":"product_tag-belyeg","10":"product_tag-eszaki-sark","11":"product_tag-parafilatelia","13":"first","14":"outofstock","15":"sold-individually","16":"shipping-taxable","17":"product-type-simple"},"_links":{"self":[{"href":"https:\/\/stampcurio.com\/hu\/wp-json\/wp\/v2\/product\/15240","targetHints":{"allow":["GET"]}}],"collection":[{"href":"https:\/\/stampcurio.com\/hu\/wp-json\/wp\/v2\/product"}],"about":[{"href":"https:\/\/stampcurio.com\/hu\/wp-json\/wp\/v2\/types\/product"}],"wp:featuredmedia":[{"embeddable":true,"href":"https:\/\/stampcurio.com\/hu\/wp-json\/wp\/v2\/media\/16615"}],"wp:attachment":[{"href":"https:\/\/stampcurio.com\/hu\/wp-json\/wp\/v2\/media?parent=15240"}],"wp:term":[{"taxonomy":"product_brand","embeddable":true,"href":"https:\/\/stampcurio.com\/hu\/wp-json\/wp\/v2\/product_brand?post=15240"},{"taxonomy":"product_cat","embeddable":true,"href":"https:\/\/stampcurio.com\/hu\/wp-json\/wp\/v2\/product_cat?post=15240"},{"taxonomy":"product_tag","embeddable":true,"href":"https:\/\/stampcurio.com\/hu\/wp-json\/wp\/v2\/product_tag?post=15240"}],"curies":[{"name":"wp","href":"https:\/\/api.w.org\/{rel}","templated":true}]}}