{"id":15239,"date":"2024-11-29T18:29:59","date_gmt":"2024-11-29T17:29:59","guid":{"rendered":"https:\/\/stampcurio.com\/product\/1851-mezei-kalendarium-pressburgi-eddig-ismeretlen-okirati-szignettaval-felvideki-darab\/"},"modified":"2025-12-05T04:07:45","modified_gmt":"2025-12-05T03:07:45","slug":"1851-ausztria-pressburg-mezei-kalendarium-eddig-ismeretlen-naptar-szignetta-provizoriummal","status":"publish","type":"product","link":"https:\/\/stampcurio.com\/hu\/termek\/1851-ausztria-pressburg-mezei-kalendarium-eddig-ismeretlen-naptar-szignetta-provizoriummal\/","title":{"rendered":"1851 Ausztria &#8211; Pressburg Mezei Kalend\u00e1rium, eddig ismeretlen napt\u00e1r szignetta proviz\u00f3riummal"},"content":{"rendered":"","protected":false},"excerpt":{"rendered":"","protected":false},"featured_media":17829,"template":"","meta":[],"product_brand":[],"product_cat":[1178,1172,1189],"product_tag":[1664,282,176,1329],"class_list":{"0":"post-15239","1":"product","2":"type-product","3":"status-publish","4":"has-post-thumbnail","6":"product_cat-ausztria","7":"product_cat-magyarorszag","8":"product_cat-szlovakia","9":"product_tag-2nd-auction-hu","10":"product_tag-okmanybelyeg","11":"product_tag-philagem","12":"product_tag-szignetta","14":"first","15":"outofstock","16":"sold-individually","17":"shipping-taxable","18":"product-type-simple"},"_links":{"self":[{"href":"https:\/\/stampcurio.com\/hu\/wp-json\/wp\/v2\/product\/15239","targetHints":{"allow":["GET"]}}],"collection":[{"href":"https:\/\/stampcurio.com\/hu\/wp-json\/wp\/v2\/product"}],"about":[{"href":"https:\/\/stampcurio.com\/hu\/wp-json\/wp\/v2\/types\/product"}],"wp:featuredmedia":[{"embeddable":true,"href":"https:\/\/stampcurio.com\/hu\/wp-json\/wp\/v2\/media\/17829"}],"wp:attachment":[{"href":"https:\/\/stampcurio.com\/hu\/wp-json\/wp\/v2\/media?parent=15239"}],"wp:term":[{"taxonomy":"product_brand","embeddable":true,"href":"https:\/\/stampcurio.com\/hu\/wp-json\/wp\/v2\/product_brand?post=15239"},{"taxonomy":"product_cat","embeddable":true,"href":"https:\/\/stampcurio.com\/hu\/wp-json\/wp\/v2\/product_cat?post=15239"},{"taxonomy":"product_tag","embeddable":true,"href":"https:\/\/stampcurio.com\/hu\/wp-json\/wp\/v2\/product_tag?post=15239"}],"curies":[{"name":"wp","href":"https:\/\/api.w.org\/{rel}","templated":true}]}}