{"id":15237,"date":"2024-11-29T18:29:59","date_gmt":"2024-11-29T17:29:59","guid":{"rendered":"https:\/\/stampcurio.com\/product\/xxx-osztrak-szallitolevelek-perfin-belyegekkel-15-szallitolevl-2\/"},"modified":"2025-12-05T04:07:45","modified_gmt":"2025-12-05T03:07:45","slug":"1906-ausztria-5-db-szallitolevel-kulonfele-perfin-belyegekkel-reszletek-a-kepen-2","status":"publish","type":"product","link":"https:\/\/stampcurio.com\/hu\/termek\/1906-ausztria-5-db-szallitolevel-kulonfele-perfin-belyegekkel-reszletek-a-kepen-2\/","title":{"rendered":"1906 Ausztria &#8211; 5 db sz\u00e1ll\u00edt\u00f3lev\u00e9l k\u00fcl\u00f6nf\u00e9le perfin b\u00e9lyegekkel &#8211; r\u00e9szletek a k\u00e9pen &#8211; #2"},"content":{"rendered":"","protected":false},"excerpt":{"rendered":"","protected":false},"featured_media":19471,"template":"","meta":[],"product_brand":[],"product_cat":[1178],"product_tag":[1664,116,230,89,157,1006],"class_list":{"0":"post-15237","1":"product","2":"type-product","3":"status-publish","4":"has-post-thumbnail","6":"product_cat-ausztria","7":"product_tag-2nd-auction-hu","8":"product_tag-belyeg","9":"product_tag-perfin","10":"product_tag-postatortenet","11":"product_tag-szallitolevel","12":"product_tag-unsold","14":"first","15":"outofstock","16":"sold-individually","17":"shipping-taxable","18":"product-type-simple"},"_links":{"self":[{"href":"https:\/\/stampcurio.com\/hu\/wp-json\/wp\/v2\/product\/15237","targetHints":{"allow":["GET"]}}],"collection":[{"href":"https:\/\/stampcurio.com\/hu\/wp-json\/wp\/v2\/product"}],"about":[{"href":"https:\/\/stampcurio.com\/hu\/wp-json\/wp\/v2\/types\/product"}],"wp:featuredmedia":[{"embeddable":true,"href":"https:\/\/stampcurio.com\/hu\/wp-json\/wp\/v2\/media\/19471"}],"wp:attachment":[{"href":"https:\/\/stampcurio.com\/hu\/wp-json\/wp\/v2\/media?parent=15237"}],"wp:term":[{"taxonomy":"product_brand","embeddable":true,"href":"https:\/\/stampcurio.com\/hu\/wp-json\/wp\/v2\/product_brand?post=15237"},{"taxonomy":"product_cat","embeddable":true,"href":"https:\/\/stampcurio.com\/hu\/wp-json\/wp\/v2\/product_cat?post=15237"},{"taxonomy":"product_tag","embeddable":true,"href":"https:\/\/stampcurio.com\/hu\/wp-json\/wp\/v2\/product_tag?post=15237"}],"curies":[{"name":"wp","href":"https:\/\/api.w.org\/{rel}","templated":true}]}}