{"id":15235,"date":"2024-11-29T18:29:58","date_gmt":"2024-11-29T17:29:58","guid":{"rendered":"https:\/\/stampcurio.com\/product\/pinkafo-provizorikus-magyar-belyeg-felhasznalas-mar-osztrak-idoszakban-1921-november-burgenland\/"},"modified":"2025-12-05T04:07:47","modified_gmt":"2025-12-05T03:07:47","slug":"1921-ausztria-novemberben-pinkafon-feladott-kepeslap-provizorikus-magyar-belyeg-felhasznalas-mar-az-osztrak-idoszakban","status":"publish","type":"product","link":"https:\/\/stampcurio.com\/hu\/termek\/1921-ausztria-novemberben-pinkafon-feladott-kepeslap-provizorikus-magyar-belyeg-felhasznalas-mar-az-osztrak-idoszakban\/","title":{"rendered":"1921 Ausztria, Novemberben Pinkaf\u0151n feladott k\u00e9peslap, proviz\u00f3rikus magyar b\u00e9lyeg felhaszn\u00e1l\u00e1s m\u00e1r az osztr\u00e1k id\u0151szakban"},"content":{"rendered":"","protected":false},"excerpt":{"rendered":"","protected":false},"featured_media":17805,"template":"","meta":[],"product_brand":[],"product_cat":[1178,1172],"product_tag":[1664,116,233,97,89,256,1006],"class_list":{"0":"post-15235","1":"product","2":"type-product","3":"status-publish","4":"has-post-thumbnail","6":"product_cat-ausztria","7":"product_cat-magyarorszag","8":"product_tag-2nd-auction-hu","9":"product_tag-belyeg","10":"product_tag-cenzura","11":"product_tag-kepeslap","12":"product_tag-postatortenet","13":"product_tag-provizorium","14":"product_tag-unsold","16":"first","17":"outofstock","18":"sold-individually","19":"shipping-taxable","20":"product-type-simple"},"_links":{"self":[{"href":"https:\/\/stampcurio.com\/hu\/wp-json\/wp\/v2\/product\/15235","targetHints":{"allow":["GET"]}}],"collection":[{"href":"https:\/\/stampcurio.com\/hu\/wp-json\/wp\/v2\/product"}],"about":[{"href":"https:\/\/stampcurio.com\/hu\/wp-json\/wp\/v2\/types\/product"}],"wp:featuredmedia":[{"embeddable":true,"href":"https:\/\/stampcurio.com\/hu\/wp-json\/wp\/v2\/media\/17805"}],"wp:attachment":[{"href":"https:\/\/stampcurio.com\/hu\/wp-json\/wp\/v2\/media?parent=15235"}],"wp:term":[{"taxonomy":"product_brand","embeddable":true,"href":"https:\/\/stampcurio.com\/hu\/wp-json\/wp\/v2\/product_brand?post=15235"},{"taxonomy":"product_cat","embeddable":true,"href":"https:\/\/stampcurio.com\/hu\/wp-json\/wp\/v2\/product_cat?post=15235"},{"taxonomy":"product_tag","embeddable":true,"href":"https:\/\/stampcurio.com\/hu\/wp-json\/wp\/v2\/product_tag?post=15235"}],"curies":[{"name":"wp","href":"https:\/\/api.w.org\/{rel}","templated":true}]}}