{"id":15234,"date":"2024-11-29T18:29:58","date_gmt":"2024-11-29T17:29:58","guid":{"rendered":"https:\/\/stampcurio.com\/product\/1930-india-bombay-bremen-legipoista-legiposta-belyegzovel-cuki-legipostabelyegzovel\/"},"modified":"2025-12-05T04:07:46","modified_gmt":"2025-12-05T03:07:46","slug":"1930-india-bombay-brema-legipoista-boritek-kedves-legipostabelyegzovel","status":"publish","type":"product","link":"https:\/\/stampcurio.com\/hu\/termek\/1930-india-bombay-brema-legipoista-boritek-kedves-legipostabelyegzovel\/","title":{"rendered":"1930 India &#8211; Bombay &#8211; Br\u00e9ma l\u00e9gipoista bor\u00edt\u00e9k, kedves l\u00e9gipostab\u00e9lyegz\u0151vel"},"content":{"rendered":"","protected":false},"excerpt":{"rendered":"","protected":false},"featured_media":17934,"template":"","meta":[],"product_brand":[],"product_cat":[1206,1175],"product_tag":[1664,115,89],"class_list":{"0":"post-15234","1":"product","2":"type-product","3":"status-publish","4":"has-post-thumbnail","6":"product_cat-india","7":"product_cat-nemetorszag","8":"product_tag-2nd-auction-hu","9":"product_tag-legiposta","10":"product_tag-postatortenet","12":"first","13":"outofstock","14":"sold-individually","15":"shipping-taxable","16":"product-type-simple"},"_links":{"self":[{"href":"https:\/\/stampcurio.com\/hu\/wp-json\/wp\/v2\/product\/15234","targetHints":{"allow":["GET"]}}],"collection":[{"href":"https:\/\/stampcurio.com\/hu\/wp-json\/wp\/v2\/product"}],"about":[{"href":"https:\/\/stampcurio.com\/hu\/wp-json\/wp\/v2\/types\/product"}],"wp:featuredmedia":[{"embeddable":true,"href":"https:\/\/stampcurio.com\/hu\/wp-json\/wp\/v2\/media\/17934"}],"wp:attachment":[{"href":"https:\/\/stampcurio.com\/hu\/wp-json\/wp\/v2\/media?parent=15234"}],"wp:term":[{"taxonomy":"product_brand","embeddable":true,"href":"https:\/\/stampcurio.com\/hu\/wp-json\/wp\/v2\/product_brand?post=15234"},{"taxonomy":"product_cat","embeddable":true,"href":"https:\/\/stampcurio.com\/hu\/wp-json\/wp\/v2\/product_cat?post=15234"},{"taxonomy":"product_tag","embeddable":true,"href":"https:\/\/stampcurio.com\/hu\/wp-json\/wp\/v2\/product_tag?post=15234"}],"curies":[{"name":"wp","href":"https:\/\/api.w.org\/{rel}","templated":true}]}}