{"id":15233,"date":"2024-11-29T18:29:58","date_gmt":"2024-11-29T17:29:58","guid":{"rendered":"https:\/\/stampcurio.com\/product\/1850-ausztria-hp-typi-rosa-pressburg-attest-ferch\/"},"modified":"2025-12-05T04:07:46","modified_gmt":"2025-12-05T03:07:46","slug":"1850-ausztria-3-kr-kezipapir-i-tipus-rosa-arnyalat-kis-lemezhibaval-pressburg-lebelyegzes-attest-ferchenbauer","status":"publish","type":"product","link":"https:\/\/stampcurio.com\/hu\/termek\/1850-ausztria-3-kr-kezipapir-i-tipus-rosa-arnyalat-kis-lemezhibaval-pressburg-lebelyegzes-attest-ferchenbauer\/","title":{"rendered":"1850 Ausztria &#8211; 3 kr k\u00e9zipap\u00edr I. t\u00edpus &#8220;rosa&#8221; \u00e1rnyalat kis lemezhib\u00e1val PRESSBURG leb\u00e9lyegz\u00e9s | Attest: Ferchenbauer"},"content":{"rendered":"","protected":false},"excerpt":{"rendered":"","protected":false},"featured_media":16760,"template":"","meta":[],"product_brand":[],"product_cat":[1178,1172,1189],"product_tag":[1664,116,1041,217],"class_list":{"0":"post-15233","1":"product","2":"type-product","3":"status-publish","4":"has-post-thumbnail","6":"product_cat-ausztria","7":"product_cat-magyarorszag","8":"product_cat-szlovakia","9":"product_tag-2nd-auction-hu","10":"product_tag-belyeg","11":"product_tag-marcophily-hu","12":"product_tag-tevnyomat","14":"first","15":"outofstock","16":"sold-individually","17":"shipping-taxable","18":"product-type-simple"},"_links":{"self":[{"href":"https:\/\/stampcurio.com\/hu\/wp-json\/wp\/v2\/product\/15233","targetHints":{"allow":["GET"]}}],"collection":[{"href":"https:\/\/stampcurio.com\/hu\/wp-json\/wp\/v2\/product"}],"about":[{"href":"https:\/\/stampcurio.com\/hu\/wp-json\/wp\/v2\/types\/product"}],"wp:featuredmedia":[{"embeddable":true,"href":"https:\/\/stampcurio.com\/hu\/wp-json\/wp\/v2\/media\/16760"}],"wp:attachment":[{"href":"https:\/\/stampcurio.com\/hu\/wp-json\/wp\/v2\/media?parent=15233"}],"wp:term":[{"taxonomy":"product_brand","embeddable":true,"href":"https:\/\/stampcurio.com\/hu\/wp-json\/wp\/v2\/product_brand?post=15233"},{"taxonomy":"product_cat","embeddable":true,"href":"https:\/\/stampcurio.com\/hu\/wp-json\/wp\/v2\/product_cat?post=15233"},{"taxonomy":"product_tag","embeddable":true,"href":"https:\/\/stampcurio.com\/hu\/wp-json\/wp\/v2\/product_tag?post=15233"}],"curies":[{"name":"wp","href":"https:\/\/api.w.org\/{rel}","templated":true}]}}