{"id":15230,"date":"2024-11-29T18:29:57","date_gmt":"2024-11-29T17:29:57","guid":{"rendered":"https:\/\/stampcurio.com\/product\/1916-karoly-csehszl\/"},"modified":"2025-12-05T04:07:47","modified_gmt":"2025-12-05T03:07:47","slug":"1916-csehszlovakia-i-karoly-belyegek-csehszlovak-felulnyomassal-kiallitasi-lapokon","status":"publish","type":"product","link":"https:\/\/stampcurio.com\/hu\/termek\/1916-csehszlovakia-i-karoly-belyegek-csehszlovak-felulnyomassal-kiallitasi-lapokon\/","title":{"rendered":"1916 Csehszlov\u00e1kia \u2013 I. K\u00e1roly b\u00e9lyegek csehszlov\u00e1k fel\u00fclnyom\u00e1ssal ki\u00e1ll\u00edt\u00e1si lapokon"},"content":{"rendered":"","protected":false},"excerpt":{"rendered":"","protected":false},"featured_media":19627,"template":"","meta":[],"product_brand":[],"product_cat":[1178,1238,1189],"product_tag":[1664,116,1656,89],"class_list":{"0":"post-15230","1":"product","2":"type-product","3":"status-publish","4":"has-post-thumbnail","6":"product_cat-ausztria","7":"product_cat-csehorszag","8":"product_cat-szlovakia","9":"product_tag-2nd-auction-hu","10":"product_tag-belyeg","11":"product_tag-karoly-exponatus","12":"product_tag-postatortenet","14":"first","15":"outofstock","16":"sold-individually","17":"shipping-taxable","18":"product-type-simple"},"_links":{"self":[{"href":"https:\/\/stampcurio.com\/hu\/wp-json\/wp\/v2\/product\/15230","targetHints":{"allow":["GET"]}}],"collection":[{"href":"https:\/\/stampcurio.com\/hu\/wp-json\/wp\/v2\/product"}],"about":[{"href":"https:\/\/stampcurio.com\/hu\/wp-json\/wp\/v2\/types\/product"}],"wp:featuredmedia":[{"embeddable":true,"href":"https:\/\/stampcurio.com\/hu\/wp-json\/wp\/v2\/media\/19627"}],"wp:attachment":[{"href":"https:\/\/stampcurio.com\/hu\/wp-json\/wp\/v2\/media?parent=15230"}],"wp:term":[{"taxonomy":"product_brand","embeddable":true,"href":"https:\/\/stampcurio.com\/hu\/wp-json\/wp\/v2\/product_brand?post=15230"},{"taxonomy":"product_cat","embeddable":true,"href":"https:\/\/stampcurio.com\/hu\/wp-json\/wp\/v2\/product_cat?post=15230"},{"taxonomy":"product_tag","embeddable":true,"href":"https:\/\/stampcurio.com\/hu\/wp-json\/wp\/v2\/product_tag?post=15230"}],"curies":[{"name":"wp","href":"https:\/\/api.w.org\/{rel}","templated":true}]}}