{"id":15227,"date":"2024-11-29T18:29:56","date_gmt":"2024-11-29T17:29:56","guid":{"rendered":"https:\/\/stampcurio.com\/product\/1919-karoly-lengyel\/"},"modified":"2025-12-05T04:07:49","modified_gmt":"2025-12-05T03:07:49","slug":"1919-lengyelorszag-i-karoly-belyegek-lengyel-felulnyomassal-kiallitasi-lapokon","status":"publish","type":"product","link":"https:\/\/stampcurio.com\/hu\/termek\/1919-lengyelorszag-i-karoly-belyegek-lengyel-felulnyomassal-kiallitasi-lapokon\/","title":{"rendered":"1919 Lengyelorsz\u00e1g \u2013 I. K\u00e1roly b\u00e9lyegek lengyel fel\u00fclnyom\u00e1ssal ki\u00e1ll\u00edt\u00e1si lapokon"},"content":{"rendered":"","protected":false},"excerpt":{"rendered":"","protected":false},"featured_media":20483,"template":"","meta":[],"product_brand":[],"product_cat":[1178,1190],"product_tag":[1664,116,1656,89],"class_list":{"0":"post-15227","1":"product","2":"type-product","3":"status-publish","4":"has-post-thumbnail","6":"product_cat-ausztria","7":"product_cat-lengyelorszag","8":"product_tag-2nd-auction-hu","9":"product_tag-belyeg","10":"product_tag-karoly-exponatus","11":"product_tag-postatortenet","13":"first","14":"outofstock","15":"sold-individually","16":"shipping-taxable","17":"product-type-simple"},"_links":{"self":[{"href":"https:\/\/stampcurio.com\/hu\/wp-json\/wp\/v2\/product\/15227","targetHints":{"allow":["GET"]}}],"collection":[{"href":"https:\/\/stampcurio.com\/hu\/wp-json\/wp\/v2\/product"}],"about":[{"href":"https:\/\/stampcurio.com\/hu\/wp-json\/wp\/v2\/types\/product"}],"wp:featuredmedia":[{"embeddable":true,"href":"https:\/\/stampcurio.com\/hu\/wp-json\/wp\/v2\/media\/20483"}],"wp:attachment":[{"href":"https:\/\/stampcurio.com\/hu\/wp-json\/wp\/v2\/media?parent=15227"}],"wp:term":[{"taxonomy":"product_brand","embeddable":true,"href":"https:\/\/stampcurio.com\/hu\/wp-json\/wp\/v2\/product_brand?post=15227"},{"taxonomy":"product_cat","embeddable":true,"href":"https:\/\/stampcurio.com\/hu\/wp-json\/wp\/v2\/product_cat?post=15227"},{"taxonomy":"product_tag","embeddable":true,"href":"https:\/\/stampcurio.com\/hu\/wp-json\/wp\/v2\/product_tag?post=15227"}],"curies":[{"name":"wp","href":"https:\/\/api.w.org\/{rel}","templated":true}]}}