{"id":15225,"date":"2024-11-29T18:29:55","date_gmt":"2024-11-29T17:29:55","guid":{"rendered":"https:\/\/stampcurio.com\/product\/xxx-ek-1-vonos-teljes-iv\/"},"modified":"2025-12-05T04:07:50","modified_gmt":"2025-12-05T03:07:50","slug":"1950-eszak-korea-order-of-the-national-flag-1-won-vagott-postatiszta-teljes-iv-enyvezes-nelkul-ahogy-kiadtak","status":"publish","type":"product","link":"https:\/\/stampcurio.com\/hu\/termek\/1950-eszak-korea-order-of-the-national-flag-1-won-vagott-postatiszta-teljes-iv-enyvezes-nelkul-ahogy-kiadtak\/","title":{"rendered":"1950 \u00c9szak-Korea &#8211; &#8220;Order of the National Flag&#8221; &#8211; 1 Won v\u00e1gott, postatiszta teljes \u00edv enyvez\u00e9s n\u00e9lk\u00fcl, ahogy kiadt\u00e1k"},"content":{"rendered":"","protected":false},"excerpt":{"rendered":"","protected":false},"featured_media":19589,"template":"","meta":[],"product_brand":[],"product_cat":[1225],"product_tag":[1664,116],"class_list":{"0":"post-15225","1":"product","2":"type-product","3":"status-publish","4":"has-post-thumbnail","6":"product_cat-eszak-korea","7":"product_tag-2nd-auction-hu","8":"product_tag-belyeg","10":"first","11":"outofstock","12":"sold-individually","13":"shipping-taxable","14":"product-type-simple"},"_links":{"self":[{"href":"https:\/\/stampcurio.com\/hu\/wp-json\/wp\/v2\/product\/15225","targetHints":{"allow":["GET"]}}],"collection":[{"href":"https:\/\/stampcurio.com\/hu\/wp-json\/wp\/v2\/product"}],"about":[{"href":"https:\/\/stampcurio.com\/hu\/wp-json\/wp\/v2\/types\/product"}],"wp:featuredmedia":[{"embeddable":true,"href":"https:\/\/stampcurio.com\/hu\/wp-json\/wp\/v2\/media\/19589"}],"wp:attachment":[{"href":"https:\/\/stampcurio.com\/hu\/wp-json\/wp\/v2\/media?parent=15225"}],"wp:term":[{"taxonomy":"product_brand","embeddable":true,"href":"https:\/\/stampcurio.com\/hu\/wp-json\/wp\/v2\/product_brand?post=15225"},{"taxonomy":"product_cat","embeddable":true,"href":"https:\/\/stampcurio.com\/hu\/wp-json\/wp\/v2\/product_cat?post=15225"},{"taxonomy":"product_tag","embeddable":true,"href":"https:\/\/stampcurio.com\/hu\/wp-json\/wp\/v2\/product_tag?post=15225"}],"curies":[{"name":"wp","href":"https:\/\/api.w.org\/{rel}","templated":true}]}}