{"id":15224,"date":"2024-11-29T18:29:55","date_gmt":"2024-11-29T17:29:55","guid":{"rendered":"https:\/\/stampcurio.com\/product\/1939-lenin-sztalin-blokkpar-pecsetelt-blokk-enyvezett-saroktoressel-postatiszta-blokk-hatoldalan-betapadas-nyoma\/"},"modified":"2025-12-05T04:07:50","modified_gmt":"2025-12-05T03:07:50","slug":"1939-szovjetunio-lenin-sztalin-pecsetelt-enyvezett-blokkpar-saroktores-a-blokk-hatoldalan-betapadas-nyoma","status":"publish","type":"product","link":"https:\/\/stampcurio.com\/hu\/termek\/1939-szovjetunio-lenin-sztalin-pecsetelt-enyvezett-blokkpar-saroktores-a-blokk-hatoldalan-betapadas-nyoma\/","title":{"rendered":"1939 Szovjetuni\u00f3 &#8211; Lenin &#8211; Szt\u00e1lin pecs\u00e9telt, enyvezett blokkp\u00e1r, sarokt\u00f6r\u00e9s, a blokk h\u00e1toldal\u00e1n betapad\u00e1s nyoma"},"content":{"rendered":"","protected":false},"excerpt":{"rendered":"","protected":false},"featured_media":23768,"template":"","meta":[],"product_brand":[],"product_cat":[1239],"product_tag":[1664,116,1006],"class_list":{"0":"post-15224","1":"product","2":"type-product","3":"status-publish","4":"has-post-thumbnail","6":"product_cat-szovjetunio","7":"product_tag-2nd-auction-hu","8":"product_tag-belyeg","9":"product_tag-unsold","11":"first","12":"outofstock","13":"sold-individually","14":"shipping-taxable","15":"product-type-simple"},"_links":{"self":[{"href":"https:\/\/stampcurio.com\/hu\/wp-json\/wp\/v2\/product\/15224","targetHints":{"allow":["GET"]}}],"collection":[{"href":"https:\/\/stampcurio.com\/hu\/wp-json\/wp\/v2\/product"}],"about":[{"href":"https:\/\/stampcurio.com\/hu\/wp-json\/wp\/v2\/types\/product"}],"wp:featuredmedia":[{"embeddable":true,"href":"https:\/\/stampcurio.com\/hu\/wp-json\/wp\/v2\/media\/23768"}],"wp:attachment":[{"href":"https:\/\/stampcurio.com\/hu\/wp-json\/wp\/v2\/media?parent=15224"}],"wp:term":[{"taxonomy":"product_brand","embeddable":true,"href":"https:\/\/stampcurio.com\/hu\/wp-json\/wp\/v2\/product_brand?post=15224"},{"taxonomy":"product_cat","embeddable":true,"href":"https:\/\/stampcurio.com\/hu\/wp-json\/wp\/v2\/product_cat?post=15224"},{"taxonomy":"product_tag","embeddable":true,"href":"https:\/\/stampcurio.com\/hu\/wp-json\/wp\/v2\/product_tag?post=15224"}],"curies":[{"name":"wp","href":"https:\/\/api.w.org\/{rel}","templated":true}]}}