{"id":15223,"date":"2024-11-29T18:29:55","date_gmt":"2024-11-29T17:29:55","guid":{"rendered":"https:\/\/stampcurio.com\/product\/1938-magyar-postaigazgatosag-disz-albuma-visszatert-az-elso-magyar-varos-ipolysag-oktober-11-komplett-4-oldalas-album-az-elso-oldal-kijar\/"},"modified":"2025-12-05T04:07:50","modified_gmt":"2025-12-05T03:07:50","slug":"1938-magyarorszag-visszatert-az-elso-magyar-varos-ipolysag-a-magyar-postaigazgatosag-diszalbuma-ipolysag-visszateresenek-alkalmabol-kiadva","status":"publish","type":"product","link":"https:\/\/stampcurio.com\/hu\/termek\/1938-magyarorszag-visszatert-az-elso-magyar-varos-ipolysag-a-magyar-postaigazgatosag-diszalbuma-ipolysag-visszateresenek-alkalmabol-kiadva\/","title":{"rendered":"1938 Magyarorsz\u00e1g &#8211; &#8220;Visszat\u00e9rt az els\u0151 magyar v\u00e1ros, Ipolys\u00e1g&#8221; &#8211; A Magyar Postaigazgat\u00f3s\u00e1g d\u00edszalbuma Ipolys\u00e1g visszat\u00e9r\u00e9s\u00e9nek alkalm\u00e1b\u00f3l kiadva"},"content":{"rendered":"","protected":false},"excerpt":{"rendered":"<p>Komplett 4 oldalas album, az els\u0151 oldal kij\u00e1r.<\/p>\n","protected":false},"featured_media":23772,"template":"","meta":[],"product_brand":[],"product_cat":[1172,1189],"product_tag":[1664,116,1041,89,1006],"class_list":{"0":"post-15223","1":"product","2":"type-product","3":"status-publish","4":"has-post-thumbnail","6":"product_cat-magyarorszag","7":"product_cat-szlovakia","8":"product_tag-2nd-auction-hu","9":"product_tag-belyeg","10":"product_tag-marcophily-hu","11":"product_tag-postatortenet","12":"product_tag-unsold","14":"first","15":"outofstock","16":"sold-individually","17":"shipping-taxable","18":"product-type-simple"},"_links":{"self":[{"href":"https:\/\/stampcurio.com\/hu\/wp-json\/wp\/v2\/product\/15223","targetHints":{"allow":["GET"]}}],"collection":[{"href":"https:\/\/stampcurio.com\/hu\/wp-json\/wp\/v2\/product"}],"about":[{"href":"https:\/\/stampcurio.com\/hu\/wp-json\/wp\/v2\/types\/product"}],"wp:featuredmedia":[{"embeddable":true,"href":"https:\/\/stampcurio.com\/hu\/wp-json\/wp\/v2\/media\/23772"}],"wp:attachment":[{"href":"https:\/\/stampcurio.com\/hu\/wp-json\/wp\/v2\/media?parent=15223"}],"wp:term":[{"taxonomy":"product_brand","embeddable":true,"href":"https:\/\/stampcurio.com\/hu\/wp-json\/wp\/v2\/product_brand?post=15223"},{"taxonomy":"product_cat","embeddable":true,"href":"https:\/\/stampcurio.com\/hu\/wp-json\/wp\/v2\/product_cat?post=15223"},{"taxonomy":"product_tag","embeddable":true,"href":"https:\/\/stampcurio.com\/hu\/wp-json\/wp\/v2\/product_tag?post=15223"}],"curies":[{"name":"wp","href":"https:\/\/api.w.org\/{rel}","templated":true}]}}