{"id":15222,"date":"2024-11-29T18:29:54","date_gmt":"2024-11-29T17:29:54","guid":{"rendered":"https:\/\/stampcurio.com\/product\/xxx-szallitolevel-osztrak-belgrad-konzulatusi-postan-kuldve-5-ft-ertekbizt-7ft-25-lat-oroszorszagba-kuldve\/"},"modified":"2025-12-05T04:07:51","modified_gmt":"2025-12-05T03:07:51","slug":"1868-ausztria-osztrak-konzulatusi-postan-belgrad-szentpetervar-utiranyon-kuldott-7-font-25-lat-sulyu-csomag-szallitolevele-5-ft-ertekbiztositassal-rendkivul-ritka-konzulatusi-kuldemeny","status":"publish","type":"product","link":"https:\/\/stampcurio.com\/hu\/termek\/1868-ausztria-osztrak-konzulatusi-postan-belgrad-szentpetervar-utiranyon-kuldott-7-font-25-lat-sulyu-csomag-szallitolevele-5-ft-ertekbiztositassal-rendkivul-ritka-konzulatusi-kuldemeny\/","title":{"rendered":"1868 Ausztria &#8211; Osztr\u00e1k konzul\u00e1tusi post\u00e1n Belgr\u00e1d &#8211; Szentp\u00e9terv\u00e1r \u00fatir\u00e1nyon k\u00fcld\u00f6tt 7 font 25 lat s\u00faly\u00fa csomag sz\u00e1ll\u00edt\u00f3levele, 5 Ft \u00e9rt\u00e9kbiztos\u00edt\u00e1ssal,- rendk\u00edv\u00fcl ritka konzul\u00e1tusi k\u00fcldem\u00e9ny"},"content":{"rendered":"","protected":false},"excerpt":{"rendered":"","protected":false},"featured_media":17725,"template":"","meta":[],"product_brand":[],"product_cat":[1178,1177,1245],"product_tag":[1664,176,89,1631,157,1006],"class_list":{"0":"post-15222","1":"product","2":"type-product","3":"status-publish","4":"has-post-thumbnail","6":"product_cat-ausztria","7":"product_cat-oroszorszag","8":"product_cat-szerbia","9":"product_tag-2nd-auction-hu","10":"product_tag-philagem","11":"product_tag-postatortenet","12":"product_tag-pre-upu","13":"product_tag-szallitolevel","14":"product_tag-unsold","16":"first","17":"outofstock","18":"sold-individually","19":"shipping-taxable","20":"product-type-simple"},"_links":{"self":[{"href":"https:\/\/stampcurio.com\/hu\/wp-json\/wp\/v2\/product\/15222","targetHints":{"allow":["GET"]}}],"collection":[{"href":"https:\/\/stampcurio.com\/hu\/wp-json\/wp\/v2\/product"}],"about":[{"href":"https:\/\/stampcurio.com\/hu\/wp-json\/wp\/v2\/types\/product"}],"wp:featuredmedia":[{"embeddable":true,"href":"https:\/\/stampcurio.com\/hu\/wp-json\/wp\/v2\/media\/17725"}],"wp:attachment":[{"href":"https:\/\/stampcurio.com\/hu\/wp-json\/wp\/v2\/media?parent=15222"}],"wp:term":[{"taxonomy":"product_brand","embeddable":true,"href":"https:\/\/stampcurio.com\/hu\/wp-json\/wp\/v2\/product_brand?post=15222"},{"taxonomy":"product_cat","embeddable":true,"href":"https:\/\/stampcurio.com\/hu\/wp-json\/wp\/v2\/product_cat?post=15222"},{"taxonomy":"product_tag","embeddable":true,"href":"https:\/\/stampcurio.com\/hu\/wp-json\/wp\/v2\/product_tag?post=15222"}],"curies":[{"name":"wp","href":"https:\/\/api.w.org\/{rel}","templated":true}]}}