{"id":15221,"date":"2024-11-29T18:29:54","date_gmt":"2024-11-29T17:29:54","guid":{"rendered":"https:\/\/stampcurio.com\/product\/1861-roman-xxx-megye-marhaslevel-kitoltetlen\/"},"modified":"2025-12-05T04:07:51","modified_gmt":"2025-12-05T03:07:51","slug":"1861-magyarorszag-kaposvar-kitoltetlen-marhaslevel","status":"publish","type":"product","link":"https:\/\/stampcurio.com\/hu\/termek\/1861-magyarorszag-kaposvar-kitoltetlen-marhaslevel\/","title":{"rendered":"1861 Magyarorsz\u00e1g &#8211; Kaposv\u00e1r &#8211; kit\u00f6ltetlen &#8220;marh\u00e1slev\u00e9l&#8221;"},"content":{"rendered":"","protected":false},"excerpt":{"rendered":"","protected":false},"featured_media":17730,"template":"","meta":[],"product_brand":[],"product_cat":[1172],"product_tag":[1664,282],"class_list":{"0":"post-15221","1":"product","2":"type-product","3":"status-publish","4":"has-post-thumbnail","6":"product_cat-magyarorszag","7":"product_tag-2nd-auction-hu","8":"product_tag-okmanybelyeg","10":"first","11":"outofstock","12":"sold-individually","13":"shipping-taxable","14":"product-type-simple"},"_links":{"self":[{"href":"https:\/\/stampcurio.com\/hu\/wp-json\/wp\/v2\/product\/15221","targetHints":{"allow":["GET"]}}],"collection":[{"href":"https:\/\/stampcurio.com\/hu\/wp-json\/wp\/v2\/product"}],"about":[{"href":"https:\/\/stampcurio.com\/hu\/wp-json\/wp\/v2\/types\/product"}],"wp:featuredmedia":[{"embeddable":true,"href":"https:\/\/stampcurio.com\/hu\/wp-json\/wp\/v2\/media\/17730"}],"wp:attachment":[{"href":"https:\/\/stampcurio.com\/hu\/wp-json\/wp\/v2\/media?parent=15221"}],"wp:term":[{"taxonomy":"product_brand","embeddable":true,"href":"https:\/\/stampcurio.com\/hu\/wp-json\/wp\/v2\/product_brand?post=15221"},{"taxonomy":"product_cat","embeddable":true,"href":"https:\/\/stampcurio.com\/hu\/wp-json\/wp\/v2\/product_cat?post=15221"},{"taxonomy":"product_tag","embeddable":true,"href":"https:\/\/stampcurio.com\/hu\/wp-json\/wp\/v2\/product_tag?post=15221"}],"curies":[{"name":"wp","href":"https:\/\/api.w.org\/{rel}","templated":true}]}}