{"id":15220,"date":"2024-11-29T18:29:54","date_gmt":"2024-11-29T17:29:54","guid":{"rendered":"https:\/\/stampcurio.com\/product\/nemetorszag-ausztraliaba-kuldott-legiposta-365-g-13-3-markas-belyeggel-1939-koznapi\/"},"modified":"2025-12-05T04:07:50","modified_gmt":"2025-12-05T03:07:50","slug":"1939-nemetorszag-ausztraliaba-kuldott-365-g-koznapi-ajanlott-legiposta-level-13-db-3-markas-belyeggel-a-teljes-bermentesits-3975-marka-volt-rendkivuli-darab","status":"publish","type":"product","link":"https:\/\/stampcurio.com\/hu\/termek\/1939-nemetorszag-ausztraliaba-kuldott-365-g-koznapi-ajanlott-legiposta-level-13-db-3-markas-belyeggel-a-teljes-bermentesits-3975-marka-volt-rendkivuli-darab\/","title":{"rendered":"1939 N\u00e9metorsz\u00e1g &#8211; Ausztr\u00e1li\u00e1ba k\u00fcld\u00f6tt 365 g k\u00f6znapi aj\u00e1nlott l\u00e9giposta lev\u00e9l &#8211; 13 db 3 m\u00e1rk\u00e1s b\u00e9lyeggel &#8211; a teljes b\u00e9rmentes\u00edts 39,75 m\u00e1rka volt &#8211; rendk\u00edv\u00fcli darab!"},"content":{"rendered":"","protected":false},"excerpt":{"rendered":"","protected":false},"featured_media":17715,"template":"","meta":[],"product_brand":[],"product_cat":[1218,1175],"product_tag":[1664,116,115,176,89],"class_list":{"0":"post-15220","1":"product","2":"type-product","3":"status-publish","4":"has-post-thumbnail","6":"product_cat-ausztralia","7":"product_cat-nemetorszag","8":"product_tag-2nd-auction-hu","9":"product_tag-belyeg","10":"product_tag-legiposta","11":"product_tag-philagem","12":"product_tag-postatortenet","14":"first","15":"outofstock","16":"sold-individually","17":"shipping-taxable","18":"product-type-simple"},"_links":{"self":[{"href":"https:\/\/stampcurio.com\/hu\/wp-json\/wp\/v2\/product\/15220","targetHints":{"allow":["GET"]}}],"collection":[{"href":"https:\/\/stampcurio.com\/hu\/wp-json\/wp\/v2\/product"}],"about":[{"href":"https:\/\/stampcurio.com\/hu\/wp-json\/wp\/v2\/types\/product"}],"wp:featuredmedia":[{"embeddable":true,"href":"https:\/\/stampcurio.com\/hu\/wp-json\/wp\/v2\/media\/17715"}],"wp:attachment":[{"href":"https:\/\/stampcurio.com\/hu\/wp-json\/wp\/v2\/media?parent=15220"}],"wp:term":[{"taxonomy":"product_brand","embeddable":true,"href":"https:\/\/stampcurio.com\/hu\/wp-json\/wp\/v2\/product_brand?post=15220"},{"taxonomy":"product_cat","embeddable":true,"href":"https:\/\/stampcurio.com\/hu\/wp-json\/wp\/v2\/product_cat?post=15220"},{"taxonomy":"product_tag","embeddable":true,"href":"https:\/\/stampcurio.com\/hu\/wp-json\/wp\/v2\/product_tag?post=15220"}],"curies":[{"name":"wp","href":"https:\/\/api.w.org\/{rel}","templated":true}]}}